{"id":1023,"date":"2012-03-01T19:41:56","date_gmt":"2012-03-01T18:41:56","guid":{"rendered":"https:\/\/senak.inf.tu-dresden.de\/wordpress\/?page_id=1023"},"modified":"2025-10-22T16:12:36","modified_gmt":"2025-10-22T14:12:36","slug":"ig-bildgestaltung","status":"publish","type":"page","link":"https:\/\/senak.inf.tu-dresden.de\/wordpress\/?page_id=1023","title":{"rendered":"Digitale Bildgestaltung"},"content":{"rendered":"\n<figure class=\"wp-block-table\"><table><thead><tr><td><strong>Interessengruppe<\/strong>&#8211;<br><strong>Digitale Bildgestaltung<\/strong><\/td><td><strong>IG-Leiter<\/strong><\/td><td>Frau Uta L\u00f6ser<\/td><\/tr><\/thead><tbody><tr><td>\ufeff<\/td><td><strong>IG-Zeiten<\/strong><\/td><td>Jeden zweiten Donnerstag im Monat, 10:00 \u2013 12:00 Uhr<\/td><\/tr><tr><td>\ufeff<\/td><td><strong>Ort<\/strong><\/td><td>DHM &#8211; Communityraum, (ehem. Museumsshop) im Hauptgeb\u00e4ude <\/td><\/tr><tr><td>\ufeff<\/td><td><strong>Inhalte<\/strong><\/td><td>Gespr\u00e4che zur Bearbeitung digital gestalteter Bilder und zur Handhabung der notwendigen Soft- und Hardware<\/td><\/tr><tr><td><strong>Kontakt<\/strong><\/td><td><strong>IG- Leiter<\/strong><\/td><td><a href=\"mailto:uta.loeser@t-online.de\">loeser@dsa-senioren.de<\/a><\/td><\/tr><tr><td><strong>&nbsp;<\/strong><\/td><td><strong>Beauftragte\/r<\/strong><\/td><td>Herr Helmut Lutzmann ; Herr Peter Rentzsch <br><a href=\"mailto:buero-seniorenakademie@dsa-senioren.de\">buero-seniorenakademie@dsa-senioren.de<\/a><\/td><\/tr><tr><td><strong>Voraussetzung<\/strong><\/td><td>\ufeff<\/td><td>Teilnahme an Treffen mit g\u00fcltigem H\u00f6rerausweis<\/td><\/tr><tr><td><strong>weitere Informationen<\/strong><\/td><td><\/td><td><\/td><\/tr><\/tbody><\/table><\/figure>\n\n\n<h2><strong><em>&nbsp;<\/em><\/strong><\/h2>\n<p>Die Interessengruppe Digitale Bildgestaltung ist seit 10 Jahren ein stabiler Bestandteil der IG-Struktur der Dresdner Seniorenakademie. In unseren Zusammenk\u00fcnften, einmal pro Monat, diskutieren wir \u00fcber Motivwahl und Bildgestaltung sowie M\u00f6glichkeiten der technischen Nutzung von Kameras, <a href=\"https:\/\/senak.inf.tu-dresden.de\/wordpress\/wp-content\/uploads\/2021\/10\/D-Bildgestaltung_Bild4.jpg\"><img loading=\"lazy\" class=\" wp-image-26621 alignleft\" src=\"https:\/\/senak.inf.tu-dresden.de\/wordpress\/wp-content\/uploads\/2021\/10\/D-Bildgestaltung_Bild4-300x300.jpg\" alt=\"\" width=\"245\" height=\"245\" srcset=\"https:\/\/senak.inf.tu-dresden.de\/wordpress\/wp-content\/uploads\/2021\/10\/D-Bildgestaltung_Bild4-300x300.jpg 300w, https:\/\/senak.inf.tu-dresden.de\/wordpress\/wp-content\/uploads\/2021\/10\/D-Bildgestaltung_Bild4-150x150.jpg 150w, https:\/\/senak.inf.tu-dresden.de\/wordpress\/wp-content\/uploads\/2021\/10\/D-Bildgestaltung_Bild4.jpg 532w\" sizes=\"(max-width: 245px) 100vw, 245px\" \/><\/a>aber auch Smartphones, die heute fast jeder t\u00e4glich bei sich tr\u00e4gt. Wichtiger Bestandteil unserer Zusammenk\u00fcnfte ist die Vorstellung und Darstellung von verschiedenen Softwarel\u00f6sungen zur Bildbearbeitung, um Fotos zu verbessern, kreativ zu gestalten, unterschiedliche Motive zu Fotomontagen bzw. Collagen zusammenzuf\u00fcgen oder vielleicht sogar KI zu nutzen.<\/p>\n<p>Bei regelm\u00e4\u00dfigen Treffen wird angeregt, die eigenen Arbeiten in der<a href=\"https:\/\/senak.inf.tu-dresden.de\/wordpress\/wp-content\/uploads\/2021\/10\/D-Bildgestaltung_Bild3.jpg\"><img loading=\"lazy\" class=\"wp-image-26620 alignright\" src=\"https:\/\/senak.inf.tu-dresden.de\/wordpress\/wp-content\/uploads\/2021\/10\/D-Bildgestaltung_Bild3-300x291.jpg\" alt=\"\" width=\"238\" height=\"231\" srcset=\"https:\/\/senak.inf.tu-dresden.de\/wordpress\/wp-content\/uploads\/2021\/10\/D-Bildgestaltung_Bild3-300x291.jpg 300w, https:\/\/senak.inf.tu-dresden.de\/wordpress\/wp-content\/uploads\/2021\/10\/D-Bildgestaltung_Bild3.jpg 665w\" sizes=\"(max-width: 238px) 100vw, 238px\" \/><\/a> Gruppe vorzustellen und den einen oder anderen Hinweis f\u00fcr die Bearbeitung mitzunehmen. Damit stehen die k\u00fcnstlerischen und die gestaltungstechnischen Aspekte im Vordergrund. Fotos bilden nicht immer die Wahrheit ab, sondern sind die Interpretation eines Augenblicks.<\/p>\n<p>Zu unseren Themen geh\u00f6ren auch die Gestaltung von Fotob\u00fcchern, das Design selbst gestalteter Kalender oder von Gl\u00fcckwunschkarten zu den verschiedensten Anl\u00e4ssen.<\/p>\n<p>Gemeinsame Fototermine im Freien stehen ebenfalls auf dem Programm.<\/p>\n<p>&nbsp;Die Fotos sollen einen interessanten Beitrag auf der Webseite der Interessengruppe bilden, auf Ausstellungen gezeigt werden und zum fotografischen Gestalten anregen.<\/p>\n<p><a href=\"https:\/\/senak.inf.tu-dresden.de\/wordpress\/wp-content\/uploads\/2021\/10\/D-Bildgestaltung_Bild2.jpg\"><img loading=\"lazy\" class=\"size-medium wp-image-26619\" src=\"https:\/\/senak.inf.tu-dresden.de\/wordpress\/wp-content\/uploads\/2021\/10\/D-Bildgestaltung_Bild2-300x191.jpg\" alt=\"\" width=\"300\" height=\"191\" srcset=\"https:\/\/senak.inf.tu-dresden.de\/wordpress\/wp-content\/uploads\/2021\/10\/D-Bildgestaltung_Bild2-300x191.jpg 300w, https:\/\/senak.inf.tu-dresden.de\/wordpress\/wp-content\/uploads\/2021\/10\/D-Bildgestaltung_Bild2.jpg 686w\" sizes=\"(max-width: 300px) 100vw, 300px\" \/><\/a><\/p>\n<p>Wer sich gern mit einbringen m\u00f6chte, Lust und Freude am Fotografieren hat und sich mit anderen Gleichinteressierten austauschen m\u00f6chte, ist bei uns herzlich willkommen.<\/p>\n<p><\/p>\n<h4>&nbsp;<\/h4>\n<h4>&nbsp;<\/h4>\n<p><\/p>\n\n\n<p><a href=\"https:\/\/senak.inf.tu-dresden.de\/wordpress\/?page_id=1023\">zur\u00fcck nach oben<\/a><\/p>\n\n\n\n<p><a href=\"https:\/\/senak.inf.tu-dresden.de\/wordpress\/?p=28349\">Bilder des Monats Februar 2023<\/a><\/p>\n\n\n\n<p><a href=\"https:\/\/senak.inf.tu-dresden.de\/wordpress\/?p=28704\">Bilder des Monats M\u00e4rz 2023<\/a><\/p>\n\n\n\n<div class=\"wp-block-columns are-vertically-aligned-center\">\n<div class=\"wp-block-column is-vertically-aligned-center\" style=\"flex-basis:100%\">\n<div class=\"wp-block-group\"><div class=\"wp-block-group__inner-container\"><\/div><\/div>\n<\/div>\n<\/div>\n\n\n\n<h2><\/h2>\n","protected":false},"excerpt":{"rendered":"<p>Interessengruppe&#8211;Digitale Bildgestaltung IG-Leiter Frau Uta L\u00f6ser \ufeff IG-Zeiten Jeden zweiten Donnerstag im Monat, 10:00 \u2013 12:00 Uhr \ufeff Ort DHM &#8211; Communityraum, (ehem. Museumsshop) im Hauptgeb\u00e4ude \ufeff Inhalte Gespr\u00e4che zur Bearbeitung digital gestalteter Bilder und zur Handhabung der notwendigen Soft- und Hardware Kontakt IG- Leiter loeser@dsa-senioren.de &nbsp; Beauftragte\/r Herr Helmut Lutzmann ; Herr Peter Rentzsch [&hellip;]<\/p>\n","protected":false},"author":8,"featured_media":0,"parent":34,"menu_order":10,"comment_status":"open","ping_status":"open","template":"","meta":[],"_links":{"self":[{"href":"https:\/\/senak.inf.tu-dresden.de\/wordpress\/index.php?rest_route=\/wp\/v2\/pages\/1023"}],"collection":[{"href":"https:\/\/senak.inf.tu-dresden.de\/wordpress\/index.php?rest_route=\/wp\/v2\/pages"}],"about":[{"href":"https:\/\/senak.inf.tu-dresden.de\/wordpress\/index.php?rest_route=\/wp\/v2\/types\/page"}],"author":[{"embeddable":true,"href":"https:\/\/senak.inf.tu-dresden.de\/wordpress\/index.php?rest_route=\/wp\/v2\/users\/8"}],"replies":[{"embeddable":true,"href":"https:\/\/senak.inf.tu-dresden.de\/wordpress\/index.php?rest_route=%2Fwp%2Fv2%2Fcomments&post=1023"}],"version-history":[{"count":3,"href":"https:\/\/senak.inf.tu-dresden.de\/wordpress\/index.php?rest_route=\/wp\/v2\/pages\/1023\/revisions"}],"predecessor-version":[{"id":31021,"href":"https:\/\/senak.inf.tu-dresden.de\/wordpress\/index.php?rest_route=\/wp\/v2\/pages\/1023\/revisions\/31021"}],"up":[{"embeddable":true,"href":"https:\/\/senak.inf.tu-dresden.de\/wordpress\/index.php?rest_route=\/wp\/v2\/pages\/34"}],"wp:attachment":[{"href":"https:\/\/senak.inf.tu-dresden.de\/wordpress\/index.php?rest_route=%2Fwp%2Fv2%2Fmedia&parent=1023"}],"curies":[{"name":"wp","href":"https:\/\/api.w.org\/{rel}","templated":true}]}}