{"id":1029,"date":"2012-03-01T19:46:37","date_gmt":"2012-03-01T18:46:37","guid":{"rendered":"https:\/\/senak.inf.tu-dresden.de\/wordpress\/?page_id=1029"},"modified":"2026-01-13T19:23:15","modified_gmt":"2026-01-13T18:23:15","slug":"gesprachskreise","status":"publish","type":"page","link":"https:\/\/senak.inf.tu-dresden.de\/wordpress\/?page_id=1029","title":{"rendered":"Philosophischer Gespr\u00e4chskreis"},"content":{"rendered":"\n<figure class=\"wp-block-table\"><table><thead><tr><td><strong>Interessengruppe<\/strong>&#8211;<br><strong>Philosophischer Gespr\u00e4chskreis<\/strong><\/td><td><strong>IG-Leiter<\/strong><\/td><td>Herr Dieter Seyfarth<\/td><\/tr><\/thead><tbody><tr><td>\ufeff<\/td><td><strong>IG-Zeiten<\/strong><\/td><td>Jeden zweiten Donnerstag im Monat von 12.30 &#8211; 14:30 Uhr<\/td><\/tr><tr><td>\ufeff<\/td><td><strong>Ort<\/strong><\/td><td>DHM &#8211; Communityraum, (ehem. Museumsshop) im Hauptgeb\u00e4ude<\/td><\/tr><tr><td>\ufeff<\/td><td><strong>Inhalte<\/strong><\/td><td>Philosophische und philosophierelevante Themen \u2013 Moral und Ethik in Politik und Wirtschaft<\/td><\/tr><tr><td><strong>Kontakt<\/strong><\/td><td><strong>IG- Leiter<\/strong><\/td><td><a href=\"mailto:dieterseyfarth@arcor.de\">dieterseyfarth@arcor.de<\/a><\/td><\/tr><tr><td><strong>Voraussetzung<\/strong><\/td><td>\ufeff<\/td><td>Teilnahme an Treffen &nbsp;mit g\u00fcltigem H\u00f6rerausweis Max. 20 Personen<\/td><\/tr><tr><td><strong>weitere Informationen<\/strong><\/td><td><\/td><td><\/td><\/tr><\/tbody><\/table><\/figure>\n\n\n<p>Das W\u00f6rterbuch der philosophischen Begriffe definiert \u201ePhilosophie\u201c wie folgt:<\/p>\n<p><strong><a href=\"https:\/\/senak.inf.tu-dresden.de\/wordpress\/wp-content\/uploads\/2019\/12\/170713_IMGP0072_k-225x300-1.jpg\"><img loading=\"lazy\" class=\"alignleft size-full wp-image-25142\" src=\"https:\/\/senak.inf.tu-dresden.de\/wordpress\/wp-content\/uploads\/2019\/12\/170713_IMGP0072_k-225x300-1.jpg\" alt=\"\" width=\"225\" height=\"300\" \/><\/a>Der Begriff ist vom griechischen Wort \u201ephilosophia\u201c abgeleitet und bedeutet \u201eWeisheitsliebe\u201c. Das griechische Wort \u201esophia\u201c das in Philosophie enthalten ist, bedeutet zun\u00e4chst jede auf Sachkunde und Wissen beruhende T\u00fcchtigkeit, dann jede tiefere Einsicht in den Zusammenhang der Dinge und die Aufgaben des Lebens (Weisheit).<\/strong><\/p>\n<p>Das Argumentieren stellt eines der wichtigsten Werkzeuge des Philosophierens dar. Zwar ist nicht jedes Philosophieren auch ein Argumentieren, und nicht jedes Argumentieren ist ein Philosophieren. In einer philosophischen Diskussion hat jeder grunds\u00e4tzlich das Recht, etwas zu behaupten oder Behauptetes in Frage zu stellen. Dies ist eine Grundregel des vern\u00fcnftigen Argumentierens.<\/p>\n<p>Der <strong>Philosophische Gespr\u00e4chskreis der Dresdner Seniorenakademie<\/strong> hat es sich zum Ziel gesetzt, in so freier Form wie m\u00f6glich miteinander ins Gespr\u00e4ch zu kommen und philosophische und philosophierelevante Themen zu durchleuchten und zu er\u00f6rtern, wobei im Vordergrund steht, die Lust am Denken zu f\u00f6rdern, Fragen an das Leben zu stellen, Orientierung zu geben, L\u00f6sungsans\u00e4tze zu bieten und philosophisches Interesse in Bezug auf Erkenntnis- und Weisheit zu wecken. Zur Freiheit der Form geh\u00f6rt eine weitgespannte Toleranz, die argumentative Vertiefung und den fruchtbaren Austausch sucht, wobei wir uns im Rahmen des jeweils gemeinsam gew\u00e4hlten Themas austauschen und befruchten m\u00f6chten.<\/p>\n<p>Am Anfang jedes Gespr\u00e4ches steht <a href=\"https:\/\/senak.inf.tu-dresden.de\/wordpress\/wp-content\/uploads\/2019\/12\/161214_Strand-Arkona_15x8-300x169-1.jpg\"><img loading=\"lazy\" class=\"size-full wp-image-25139 alignright\" src=\"https:\/\/senak.inf.tu-dresden.de\/wordpress\/wp-content\/uploads\/2019\/12\/161214_Strand-Arkona_15x8-300x169-1.jpg\" alt=\"\" width=\"300\" height=\"169\" \/><\/a>die Aufbereitung des Themas in Form der Vermittlung von Wissen \u00fcber das gew\u00e4hlte Thema oder die Person, um m\u00f6glichst alle Beteiligten auf den gleichen Wissensstand zu bringen. Anschlie\u00dfend erfolgt die Diskussion, d. h. der Austausch von Argumenten. Hierbei sollte derjenige, der etwas behauptet, auch bereit sein, das, was er behauptet, bei Bedarf auch zu begr\u00fcnden. Dieser Bedarf besteht i. d. R. immer dann, wenn jemand ernsthafte Zweifel an der Wahrheit der Behauptung hat. Es besteht stilles Einvernehmen dar\u00fcber, dass ein Diskussionsbeitrag f\u00fcr den Zweck auf den die Diskussion zielt, relevant sein muss.<\/p>\n<p>Der Gespr\u00e4chskreis ist ein Forum f\u00fcr gemeinsame philosophische \u00dcberlegungen auf der Grundlage unterschiedlicher Meinungen und Argumentationsweisen, er soll dabei weniger als St\u00e4tte der reinen Wissensvermittlung und Wissensaneignung dienen. Der philosophische Gehalt unserer gemeinsamen Aktivit\u00e4ten entwickelt sich weniger aus der \u00dcbernahme bestehender philosophischer Theorien und Postulate, die den Hintergrund der behandelten Thematiken ausmachen k\u00f6nnten, sondern eher aus der eigenen und gemeinsamen kontroversen Auseinandersetzung mit unserer gegenw\u00e4rtigen Wirklichkeit.<\/p>\n<p>In dem Gespr\u00e4chskreis wollen wir aktuelle Themen aus Kultur, Politik, Wissenschaft, Wirtschaft und solche, die aus unserer allt\u00e4glichen Umgebung sich uns &#8222;aufdr\u00e4ngen&#8220;, in Hinblick auf philosophische Fragestellungen diskutieren. Unser Umgang mit der Philosophie zielt in diesem Zusammenhang darauf ab, Verbindungen zwischen dem Allt\u00e4glichen des Einzelnen und dem &#8222;Weltgeschehen&#8220; zu vertiefen, zu erweitern und neu zu schaffen, indem der Rahmen von Theologie, Psychologie und Politik fragend einbezogen wird.<\/p>\n<p><a href=\"https:\/\/senak.inf.tu-dresden.de\/wordpress\/wp-content\/uploads\/2019\/12\/170713_IMGP0071_k-225x300-1.jpg\"><img loading=\"lazy\" class=\"alignleft  wp-image-25146\" src=\"https:\/\/senak.inf.tu-dresden.de\/wordpress\/wp-content\/uploads\/2019\/12\/170713_IMGP0071_k-225x300-1.jpg\" alt=\"\" width=\"166\" height=\"221\" \/><\/a><\/p>\n<p>Im vergangenen Semester haben wir uns zu Beginn dem Thema Liberalismus\/Neoliberalismus gewidmet. Anschlie\u00dfend wurde der Komplex des Begriffes Freiheit in Form von Meinungs- und Pressefreiheit analysiert. In einem weiteren Themenkomplex befassten wir uns mit dem Konfuzianismus und dem Daoismus. In diesem Zusammenhang spielte auch der politische und kulturelle Einfluss Chinas in Gegenwart und Vergangenheit eine wichtige Rolle. Abschlie\u00dfend befasste sich der Gespr\u00e4chskreis mit der Entwicklung und den Auswirkungen der K\u00fcnstlichen Intelligenz.<\/p>\n<p>Ein Beispiel f\u00fcr die wissensgerechte Vor- und Aufbereitung der Diskussionsthemen finden Sie beigef\u00fcgt in Form einer <a href=\"https:\/\/senak.inf.tu-dresden.de\/wordpress\/wp-content\/uploads\/2021\/08\/Nida-Ruemelin.ppt2x.pptx\">PowerPoint-Pr\u00e4sentation Philosophen<\/a>. Der dort zum Ausdruck gebrachte Sachverhalt bzw. die Meinungs\u00e4u\u00dferung bilden die Grundlage oder Ausgangslage f\u00fcr das anschlie\u00dfende Gespr\u00e4ch bzw. den Meinungsaustausch. Auch zum jeweiligen Thema passende Video-Clips k\u00f6nnen zur Vertiefung des behandelten Gespr\u00e4chsstoffes beitragen.<\/p>\n<p>\u00a0<\/p>\n<h4 style=\"text-align: right;\"><a href=\"https:\/\/senak.inf.tu-dresden.de\/wordpress\/?page_id=1029\"><span style=\"color: #ff9900;\">zur\u00fcck nach oben<\/span><\/a><\/h4>","protected":false},"excerpt":{"rendered":"<p>Interessengruppe&#8211;Philosophischer Gespr\u00e4chskreis IG-Leiter Herr Dieter Seyfarth \ufeff IG-Zeiten Jeden zweiten Donnerstag im Monat von 12.30 &#8211; 14:30 Uhr \ufeff Ort DHM &#8211; Communityraum, (ehem. Museumsshop) im Hauptgeb\u00e4ude \ufeff Inhalte Philosophische und philosophierelevante Themen \u2013 Moral und Ethik in Politik und Wirtschaft Kontakt IG- Leiter dieterseyfarth@arcor.de Voraussetzung \ufeff Teilnahme an Treffen &nbsp;mit g\u00fcltigem H\u00f6rerausweis Max. 20 [&hellip;]<\/p>\n","protected":false},"author":8,"featured_media":0,"parent":34,"menu_order":25,"comment_status":"open","ping_status":"open","template":"","meta":[],"_links":{"self":[{"href":"https:\/\/senak.inf.tu-dresden.de\/wordpress\/index.php?rest_route=\/wp\/v2\/pages\/1029"}],"collection":[{"href":"https:\/\/senak.inf.tu-dresden.de\/wordpress\/index.php?rest_route=\/wp\/v2\/pages"}],"about":[{"href":"https:\/\/senak.inf.tu-dresden.de\/wordpress\/index.php?rest_route=\/wp\/v2\/types\/page"}],"author":[{"embeddable":true,"href":"https:\/\/senak.inf.tu-dresden.de\/wordpress\/index.php?rest_route=\/wp\/v2\/users\/8"}],"replies":[{"embeddable":true,"href":"https:\/\/senak.inf.tu-dresden.de\/wordpress\/index.php?rest_route=%2Fwp%2Fv2%2Fcomments&post=1029"}],"version-history":[{"count":3,"href":"https:\/\/senak.inf.tu-dresden.de\/wordpress\/index.php?rest_route=\/wp\/v2\/pages\/1029\/revisions"}],"predecessor-version":[{"id":31270,"href":"https:\/\/senak.inf.tu-dresden.de\/wordpress\/index.php?rest_route=\/wp\/v2\/pages\/1029\/revisions\/31270"}],"up":[{"embeddable":true,"href":"https:\/\/senak.inf.tu-dresden.de\/wordpress\/index.php?rest_route=\/wp\/v2\/pages\/34"}],"wp:attachment":[{"href":"https:\/\/senak.inf.tu-dresden.de\/wordpress\/index.php?rest_route=%2Fwp%2Fv2%2Fmedia&parent=1029"}],"curies":[{"name":"wp","href":"https:\/\/api.w.org\/{rel}","templated":true}]}}