{"id":1054,"date":"2024-10-09T12:22:18","date_gmt":"2024-10-09T10:22:18","guid":{"rendered":"https:\/\/senak.inf.tu-dresden.de\/wordpress\/?page_id=1054"},"modified":"2026-04-21T11:56:29","modified_gmt":"2026-04-21T09:56:29","slug":"tagesreisen","status":"publish","type":"page","link":"https:\/\/senak.inf.tu-dresden.de\/wordpress\/?page_id=1054","title":{"rendered":"Tagesreisen"},"content":{"rendered":"<p>Wir laden Sie herzlich zu <strong>Entdeckungen vor Ort<\/strong> in Sachsen, Sachsen-Anhalt, Th\u00fcringen, Brandenburg und Berlin ein.<br \/>F\u00fcr die Tagesfahrten gilt eine <span style=\"color: #ff0000;\">Mindestteilnehmerzahl von 25 Reiseg\u00e4sten<\/span>.<br \/>Informationen zum <strong>detaillierten Reiseverlauf und zu Inklusivleistungen der Tagesfahrten<\/strong> erhalten Sie nach dem <strong>Klick auf den Link neben dem Reisethema<\/strong>. Die hinterlegten Bilder und Informationen erleichtern Ihre<br \/>Entscheidung zur Teilnahme an den Tagesfahrten. Bitte melden Sie sich im B\u00fcro der Dresdner Seniorenakademie an.<br \/>Das ist auch per E-Mail unter <a href=\"mailto:buero-seniorenakademie@dsa-senioren.de\">buero-seniorenakademie@dsa-senioren.de<\/a> m\u00f6glich.<\/p>\n<p><!--Auf Grund gro\u00dfer Nachfrage gibt es f\u00fcr die Tagesreise <strong>Weimar - Stadt der Klassik und des Bauhauses<\/strong>\neinen zus\u00e4tzlichen Termin im <strong>April 2019<\/strong> (Inhalte der Reise siehe R - 12)\n\nAuf Grund gro\u00dfer Nachfrage gibt es f\u00fcr die Tagesreise <strong>Caputh - Einstein, H\u00f6fisches Leben im Schloss und Havelsee<\/strong>\neinen zus\u00e4tzlichen Termin: <strong>20.06.2019<\/strong> (Inhalte der Reise siehe R - 14)--><\/p>\n<hr class=\"grey\" \/><table><tr bgcolor=\"#F2F2F2\"><td style=\"border-style:none;\"><\/p>\n<h2><strong>Sommersemester 2026<\/strong><\/h2>\n<p><strong>07.05.2026 R-12 Leitmeritz und Melnik &#8211; b\u00f6hmische K\u00f6nigsst\u00e4dte an der Elbe<\/strong><br \/>mit Stadtf\u00fchrung in Leitmeritz und Schlossf\u00fchrung und Weinprobe in Melnik <span style=\"color: #ff0000;\"><strong>&#8211; ausgebucht<\/strong><\/span><br \/><a href=\"https:\/\/www.eberhardt-travel.de\/reise\/tagesfahrten\/tschechien\/boehmen-melnik\/tf-qqlit\">https:\/\/www.eberhardt-travel.de\/reise\/tagesfahrten\/tschechien\/boehmen-melnik\/tf-qqlit<\/a><\/p>\n<p><strong>12.05.2026 R-20 Leitmeritz und Melnik &#8211; b\u00f6hmische K\u00f6nigsst\u00e4dte an der Elbe<\/strong><br \/>mit Stadtf\u00fchrung in Leitmeritz und Schlossf\u00fchrung und Weinprobe in Melnik <span style=\"color: #ff0000;\"><strong>&#8211; ZUSATZTERMIN &#8211; ausgebucht<\/strong><\/span><br \/><a href=\"https:\/\/www.eberhardt-travel.de\/reise\/tagesfahrten\/tschechien\/boehmen-melnik\/tf-qqlit\">https:\/\/www.eberhardt-travel.de\/reise\/tagesfahrten\/tschechien\/boehmen-melnik\/tf-qqlit<\/a><\/p>\n<p><strong>28.05.2026 R-13 Pfaueninsel Berlin &#8211; Rosenbl\u00fcte und Schlossromantik<\/strong><br \/>ein Lustschloss, historische Rosen und eine Reise in die Welt preu\u00dfischer K\u00f6nige<br \/><a href=\"https:\/\/www.eberhardt-travel.de\/reise\/tagesfahrten\/deutschland\/berlin\/tf-qqfau\">https:\/\/www.eberhardt-travel.de\/reise\/tagesfahrten\/deutschland\/berlin\/tf-qqfau<\/a><\/p>\n<p><strong>11.06.2026 R-14 Bastei und Robert-Sterl-Haus &#8211; die Elbe und Sandsteine<\/strong><br \/>Aufenthalt auf der Bastei &#8211; F\u00fchrung im Robert-Sterl-Haus in Naundorf bei Struppen<br \/><a href=\"https:\/\/www.eberhardt-travel.de\/reise\/tagesfahrten\/deutschland\/sachsen\/tf-qqbst\">https:\/\/www.eberhardt-travel.de\/reise\/tagesfahrten\/deutschland\/sachsen\/tf-qqbst<\/a><\/p>\n<p><strong>16.07.2026 R-15 Leipzig &#8211; Frida Kahlo im Kunstkraftwerk &#8211; Klein-Venedig<\/strong><br \/>Besuch der immersiven Frida-Kahlo-Ausstellung &#8211; Kanalfahrt auf der Wei\u00dfen Elster und dem Karl-Heine-Kanal<br \/><a href=\"https:\/\/www.eberhardt-travel.de\/reise\/tagesfahrten\/sachsen\/leipzig\/tf-qqfrk\">https:\/\/www.eberhardt-travel.de\/reise\/tagesfahrten\/deutschland\/sachsen\/tf-qqfrk<\/a><\/p>\n<p><strong>19.08.2026 R-16 Talsperre Kriebstein &#8211; Schifffahrt und Operettengenuss auf der Seeb\u00fchne<\/strong><br \/>Schiffsausflug auf der Talsperre mit Kaffee und Kuchen &#8211; Operetten-Auff\u00fchrung Die lustige Witwe von Franz Lehar auf der Seeb\u00fchne<br \/><a href=\"https:\/\/www.eberhardt-travel.de\/reise\/tagesfahrten\/deutschland\/sachsen\/tf-qqkri\">https:\/\/www.eberhardt-travel.de\/reise\/tagesfahrten\/deutschland\/sachsen\/tf-qqkri<\/a><\/p>\n<p><strong>06.09.2026 R-17 Carmina Burana auf der Felsenb\u00fchne Rathen<\/strong><br \/>Anreise mit der S-Bahn &#8211; F\u00e4hr\u00fcberfahrt &#8211; Kaffee und Kuchen &#8211; Carl Orffs Meisterwerk im Elbsandsteingebirge<br \/><a href=\"https:\/\/www.eberhardt-travel.de\/reise\/tagesfahrten\/sachsen\/elbsandsteingebirge\/tf-qqcaa\">https:\/\/www.eberhardt-travel.de\/reise\/tagesfahrten\/deutschland\/sachsen\/tf-qqcaa<\/a><\/p>\n<p><strong>17.09.2026 R-18 Bode-Museum und Friedrichswerdersche Kirche &#8211; Renaissance und Neogotik<\/strong><br \/>200 Jahre Museumsinsel Berlin &#8211; Ausstellung Die Pazzi-Verschw\u00f6rung &#8211; Macht, Gewalt und Kunst im Florenz der Renaissance im\u00a0 Bode-Museum &#8211; Besichtigung des rekonstruierten Schinkel-Baus Friedrichswerdersche Kirche<br \/><a href=\"https:\/\/www.eberhardt-travel.de\/reise\/tagesfahrten\/deutschland\/berlin\/tf-qqbod\">https:\/\/www.eberhardt-travel.de\/reise\/tagesfahrten\/deutschland\/berlin\/tf-qqbod<\/a><\/p>\n<p><strong>07.10.2026 R-19 An der Via Sacra &#8211; Kunst, Geschichte und Religion an der Grenze zu B\u00f6hmen<\/strong><br \/>Klavierbaukunst bei C. Bechstein in Seifhennersdorf &#8211; Loretokapelle in Rumburk<br \/><a href=\"https:\/\/www.eberhardt-travel.de\/reise\/tagesfahrten\/sachsen-boehmen\/lausitz\/tf-qqvis\">https:\/\/www.eberhardt-travel.de\/reise\/tagesfahrten\/deutschland\/sachsen-boehmen\/lausitz\/tf-qqvis<\/a><\/p>\n<p><span style=\"color: #ff0000;\"><b>Weitere Tagesfahrten werden aus aktuellem Anlass vorbereitet, zum Beispiel bei herausragenden Ausstellungen oder Konzerten, die zu Beginn eines Semesters noch nicht bekannt waren. Bitte informieren Sie sich im B\u00fcro der DSA oder schauen Sie hier im Internet nach.<\/b><\/span><\/p>\n<p>\u00a0<\/p>\n<p><\/td><\/tr><\/table>&nbsp;\n<p>\u00a0<\/p>\n<p><!--[ab_grau]\n\n\n\n\n\n\n\n\n\n\n\n\n\n\n\n\n\n\n\n\n\n\n\n\n\n\n\n\n\n\n\n\n\n\n\n\n\n\n\n\n\n\n\n\n\n\n\n\n\n\n\n\n\n\n\n\n\n\n\n\n\n\n\n\n\n\n\n\n\n\n\n\n\n\n\n\n\n\n\n\n\n\n\n\n\n\n<h2><strong>&nbsp;&nbsp;&nbsp;&nbsp; Wintersemester 2021\/2022<\/strong><\/h2>\n\n\n\n\n\n\n\n\n\n\n\n\n\n\n\n\n\n\n\n\n\n\n\n\n\n\n\n\n\n\n\n\n\n\n\n\n\n\n\n\n\n\n\n\n\n\n\n\n\n\n\n\n\n\n\n\n\n\n\n\n\n\n\n\n\n\n\n\n\n\n\n\n\n\n\n\n\n\n\n\n\n\n\n\n\n\n[\/ab_grau]\n\n<a href=\"https:\/\/senak.inf.tu-dresden.de\/wordpress\/wp-content\/uploads\/2021\/08\/BildungsreisenTagesreisen.pdf\">Tagesreisen<\/a>--&gt;\n\n<!--<strong>Vorschau <\/strong>\n\n<a href=\"https:\/\/senak.inf.tu-dresden.de\/wordpress\/wp-content\/uploads\/2019\/09\/DSA_Tagesfahrten_2020_gesamt.pdf\">Tagesfahrten<\/a>\n\n<!--\n\n\n\n\n\n\n\n\n\n\n\n\n\n\n\n\n\n\n\n\n\n\n\n\n\n\n\n\n\n\n\n\n\n\n\n\n\n\n\n\n\n\n\n\n\n\n\n\n\n\n\n\n\n\n\n\n\n\n\n\n\n\n\n\n\n\n\n\n\n\n\n\n\n\n\n\n\n\n\n\n\n\n\n\n\n\n<h4 style=\"text-align: right;\">siehe dazu auch: &nbsp;&nbsp;&nbsp; <a target=\"_blank\" href=\"https:\/\/senak.inf.tu-dresden.de\/wordpress\/wp-content\/uploads\/2012\/03\/161005_DSA_Tagesreisen_2016_17.pdf\" rel=\"noopener noreferrer\">- Flyer Tagesreisen 11\/2016 bis 06\/2017 -<\/a><\/h4>\n\n\n\n\n\n\n\n\n\n\n\n\n\n\n\n\n\n\n\n\n\n\n\n\n\n\n\n\n\n\n\n\n\n\n\n\n\n\n\n\n\n\n\n\n\n\n\n\n\n\n\n\n\n\n\n\n\n\n\n\n\n\n\n\n\n\n\n\n\n\n\n\n\n\n\n\n\n\n\n\n\n\n\n\n\n\n--><\/p>\n<p><!--<strong>Tagesreisen Sommersemester 2018<\/strong> &nbsp;&nbsp;&nbsp;&nbsp; <a href=\"https:\/\/senak.inf.tu-dresden.de\/wordpress\/wp-content\/uploads\/2018\/03\/Druckversion_SoSem18Tagesr.pdf\">zur Ansicht<\/a>--><\/p>\n<p><!--<strong>Tagesreisen Wintersemester 2018\/2019<\/strong> &nbsp;&nbsp;&nbsp;&nbsp;<a href=\"https:\/\/senak.inf.tu-dresden.de\/wordpress\/wp-content\/uploads\/2018\/11\/DSA_TF_QQCAP_Vorschau.pdf\"><\/a>\n\n<a href=\"https:\/\/senak.inf.tu-dresden.de\/wordpress\/wp-content\/uploads\/2018\/11\/DSA_TF_QQCAP_Vorschau.pdf\">\n<\/a><a href=\"https:\/\/senak.inf.tu-dresden.de\/wordpress\/wp-content\/uploads\/2018\/11\/DSA_TF_QQCAP_Vorschau.pdf\">- Vorschau -<\/a>\n\n<a href=\"https:\/\/senak.inf.tu-dresden.de\/wordpress\/wp-content\/uploads\/2018\/11\/DSA_TF_QQCHE_Chemnitz_TF-QQLEI_Buchmesse.pdf\">- Industriemuseum Chemnitz \/ Buchmesse Leipzig -<\/a>\n\n<a href=\"https:\/\/senak.inf.tu-dresden.de\/wordpress\/wp-content\/uploads\/2018\/11\/DSA_TF_QQGEW_Gewandhaus_Leipzig.pdf\">- Gewandhaus Leipzig -<\/a>\n\n<a href=\"https:\/\/senak.inf.tu-dresden.de\/wordpress\/wp-content\/uploads\/2018\/11\/DSA_TF_QQWEM_Weimar_TF_QQFRA_Landesgartenschau.pdf\">- Weimar \/ Landesgartenschau Frankenberg -<\/a>\n\n<a href=\"https:\/\/senak.inf.tu-dresden.de\/wordpress\/wp-content\/uploads\/2018\/11\/DSA_TF-QQSHL_Halle_TF-QQPUZ_Leipzig.pdf\">- Halle \/ Leipzig -<\/a>\n\n<a href=\"https:\/\/senak.inf.tu-dresden.de\/wordpress\/wp-content\/uploads\/2018\/11\/DSA_TF-XYAFT_Freiberg_TF-QQAGW_G\u00f6rlitz.pdf\">Adventszeit in Freiberg und G\u00f6rlitz -<\/a>\n\n\n\n\n\n\n\n\n\n\n\n\n\n\n\n\n\n\n\n\n\n\n\n\n\n\n\n\n\n\n\n\n\n\n\n\n\n\n\n\n\n\n\n\n\n\n\n\n\n\n\n\n\n\n\n\n\n\n\n\n\n\n\n\n\n\n\n\n\n\n\n\n\n\n\n\n\n\n\n\n\n\n\n\n\n\n\n<hr class=\"endParagraph\">\n\n--><\/p>\n<p><!--<strong>Buchmesse Leipzig<\/strong>\nEin ganzer Tag auf der Leipziger Buchmesse mit dem Lesefest \u201eLeipzig liest\u201c\n\n\n\n\n\n\n\n\n\n\n\n\n\n\n\n\n\n\n\n\n\n\n\n\n\n\n\n\n\n\n\n\n\n\n\n\n\n\n\n\n\n\n\n\n\n\n\n\n\n\n\n\n\n\n\n\n\n\n\n\n\n\n\n\n\n\n\n\n\n\n\n\n\n\n\n\n\n\n\n\n\n\n\n\n\n\n<h3>Do., 15.03.2018, 08:00 bis 18:30 Uhr<\/h3>\n\n\n\n\n\n\n\n\n\n\n\n\n\n\n\n\n\n\n\n\n\n\n\n\n\n\n\n\n\n\n\n\n\n\n\n\n\n\n\n\n\n\n\n\n\n\n\n\n\n\n\n\n\n\n\n\n\n\n\n\n\n\n\n\n\n\n\n\n\n\n\n\n\n\n\n\n\n\n\n\n\n\n\n\n\n\n\n\n\n\n\n\n\n\n\n\n\n\n\n\n\n\n\n\n\n\n\n\n\n\n\n\n\n\n\n\n\n\n\n\n\n\n\n\n\n\n\n\n\n\n\n\n\n\n\n\n\n\n\n\n\n\n\n\n\n\n\n\n\n\n\n\n\n\n\n\n\n\n\n\n\n\n\n\n\n\n\n\n\n\n\n\n<h3>Reisepreis pro Person: 52 \u20ac<\/h3>\n\n\n\n\n\n\n\n\n\n\n\n\n\n\n\n\n\n\n\n\n\n\n\n\n\n\n\n\n\n\n\n\n\n\n\n\n\n\n\n\n\n\n\n\n\n\n\n\n\n\n\n\n\n\n\n\n\n\n\n\n\n\n\n\n\n\n\n\n\n\n\n\n\n\n\n\n\n\n\n\n\n\n\n\n\n\n--><\/p>\n<p><!--\n&nbsp;\n[ab_grau]\n\n\n\n\n\n\n\n\n\n\n\n\n\n\n\n\n\n\n\n\n\n\n\n\n\n\n\n\n\n\n\n\n\n\n\n\n\n\n\n\n\n\n\n\n\n\n\n\n\n\n\n\n\n\n\n\n\n\n\n\n\n\n\n\n\n\n\n\n\n\n\n\n\n\n\n\n\n\n\n\n\n\n\n\n\n\n<h2><strong>&nbsp;&nbsp;&nbsp;&nbsp; 2016 - Vorschau 2.Halbjahr<\/strong><\/h2>\n\n\n\n\n\n\n\n\n\n\n\n\n\n\n\n\n\n\n\n\n\n\n\n\n\n\n\n\n\n\n\n\n\n\n\n\n\n\n\n\n\n\n\n\n\n\n\n\n\n\n\n\n\n\n\n\n\n\n\n\n\n\n\n\n\n\n\n\n\n\n\n\n\n\n\n\n\n\n\n\n\n\n\n\n\n\n\n\n\n\n\n\n\n\n\n\n\n\n\n\n\n\n\n\n\n\n\n\n\n\n\n\n\n\n\n\n\n\n\n\n\n\n\n\n\n\n\n\n\n\n\n\n\n\n\n\n\n\n\n\n\n\n\n\n\n\n\n\n\n\n\n\n\n\n\n\n\n\n\n\n\n\n\n\n\n\n\n\n\n\n\n\n<h4 style=\"text-align: right;\">Vorschau 2.Halbjahr: &nbsp;&nbsp;&nbsp; <a target=\"_blank\" href=\"https:\/\/senak.inf.tu-dresden.de\/wordpress\/wp-content\/uploads\/2012\/03\/DSA_Vorschau_Tagesreisen_2H_2016.pdf\" rel=\"noopener noreferrer\">[ Flyer Vorschau ]<\/a><\/h4>\n\n\n\n\n\n\n\n\n\n\n\n\n\n\n\n\n\n\n\n\n\n\n\n\n\n\n\n\n\n\n\n\n\n\n\n\n\n\n\n\n\n\n\n\n\n\n\n\n\n\n\n\n\n\n\n\n\n\n\n\n\n\n\n\n\n\n\n\n\n\n\n\n\n\n\n\n\n\n\n\n\n\n\n\n\n\n[\/ab_grau] --><\/p>\n<h4 style=\"text-align: right;\"><a href=\"https:\/\/senak.inf.tu-dresden.de\/wordpress\/?page_id=1054\"><span style=\"color: #ff9900;\">zur\u00fcck nach oben<\/span><\/a><\/h4>\n\n\n<h2><\/h2>\n\n\n\n<p><\/p>\n","protected":false},"excerpt":{"rendered":"<p>Wir laden Sie herzlich zu Entdeckungen vor Ort in Sachsen, Sachsen-Anhalt, Th\u00fcringen, Brandenburg und Berlin ein.F\u00fcr die Tagesfahrten gilt eine Mindestteilnehmerzahl von 25 Reiseg\u00e4sten.Informationen zum detaillierten Reiseverlauf und zu Inklusivleistungen der Tagesfahrten erhalten Sie nach dem Klick auf den Link neben dem Reisethema. Die hinterlegten Bilder und Informationen erleichtern IhreEntscheidung zur Teilnahme an den Tagesfahrten. [&hellip;]<\/p>\n","protected":false},"author":8,"featured_media":0,"parent":12,"menu_order":1,"comment_status":"open","ping_status":"open","template":"","meta":[],"_links":{"self":[{"href":"https:\/\/senak.inf.tu-dresden.de\/wordpress\/index.php?rest_route=\/wp\/v2\/pages\/1054"}],"collection":[{"href":"https:\/\/senak.inf.tu-dresden.de\/wordpress\/index.php?rest_route=\/wp\/v2\/pages"}],"about":[{"href":"https:\/\/senak.inf.tu-dresden.de\/wordpress\/index.php?rest_route=\/wp\/v2\/types\/page"}],"author":[{"embeddable":true,"href":"https:\/\/senak.inf.tu-dresden.de\/wordpress\/index.php?rest_route=\/wp\/v2\/users\/8"}],"replies":[{"embeddable":true,"href":"https:\/\/senak.inf.tu-dresden.de\/wordpress\/index.php?rest_route=%2Fwp%2Fv2%2Fcomments&post=1054"}],"version-history":[{"count":3,"href":"https:\/\/senak.inf.tu-dresden.de\/wordpress\/index.php?rest_route=\/wp\/v2\/pages\/1054\/revisions"}],"predecessor-version":[{"id":31489,"href":"https:\/\/senak.inf.tu-dresden.de\/wordpress\/index.php?rest_route=\/wp\/v2\/pages\/1054\/revisions\/31489"}],"up":[{"embeddable":true,"href":"https:\/\/senak.inf.tu-dresden.de\/wordpress\/index.php?rest_route=\/wp\/v2\/pages\/12"}],"wp:attachment":[{"href":"https:\/\/senak.inf.tu-dresden.de\/wordpress\/index.php?rest_route=%2Fwp%2Fv2%2Fmedia&parent=1054"}],"curies":[{"name":"wp","href":"https:\/\/api.w.org\/{rel}","templated":true}]}}