{"id":1062,"date":"2012-03-01T22:31:11","date_gmt":"2012-03-01T21:31:11","guid":{"rendered":"https:\/\/senak.inf.tu-dresden.de\/wordpress\/?page_id=1062"},"modified":"2026-04-22T13:30:39","modified_gmt":"2026-04-22T11:30:39","slug":"mehrtagesreisen","status":"publish","type":"page","link":"https:\/\/senak.inf.tu-dresden.de\/wordpress\/?page_id=1062","title":{"rendered":"Mehrtagesreisen"},"content":{"rendered":"\n<p><\/p>\n\n\n\n<p><\/p>\n\n\n\n<p><strong><strong>Unsere Bildungs- und Kulturreisen 2026\/27&nbsp;<\/strong>f\u00fchren Sie<strong>&nbsp;mit dem Flieger nach Barcelona, in eine der gro\u00dfen Kunst- und Kulturmetropolen Europas und Spaniens sowie per Reisebus <strong>zum Fr\u00fchsommer an die Nordsee,<\/strong> <strong>zur Gartenreise in das Salzkammergut und nach Bregenz zur Auff\u00fchrung der Oper &#8222;La Traviata&#8220;.<\/strong><\/strong><\/strong> <strong>Bereits jetzt k\u00f6nnen Sie erste Reisepl\u00e4ne f\u00fcr den M\u00e4rz 2027 realisieren: Schauen Sie auf unsere Flugreise in das sonnige und geschichtstr\u00e4chtige Andalusien.<\/strong><\/p>\n\n\n<hr class=\"grey\" \/><table><tr bgcolor=\"#F2F2F2\"><td style=\"border-style:none;\"><\/p>\n<h2><strong>\u00a0\u00a0\u00a0\u00a0 <\/strong><\/h2>\n<h2><strong>Sommersemester 2026<\/strong><\/h2>\n<p><strong>30.04. \u2013 05.05.2026 R-05 Busreise: Fr\u00fchsommer in Norddeutschland &#8211; H\u00e4fen, Rolande und K\u00fcnstler<\/strong><br \/>Hannover &#8211; Bremen &#8211; Bremerhaven &#8211; Worpswede &#8211; Papenburg &#8211; Gifhorn<br \/><strong>Einzelzimmer ausgebucht &#8211; Warteliste m\u00f6glich<\/strong><br \/><a href=\"https:\/\/www.eberhardt-travel.de\/reise\/rundreisen\/deutschland\/niedersachsen\/de-qqnrd\">https:\/\/www.eberhardt-travel.de\/reise\/rundreisen\/deutschland\/niedersachsen\/de-qqnrd<\/a><\/p>\n<p><strong>14.06. \u2013 19.06.2026 R-06 Busreise: Exklusive Gartenreise in das Salzkammergut<\/strong><br \/>Garten-Rundreise mit Besuchen von (Privat-)G\u00e4rten im Salzkammergut<br \/>Bad Goisern &#8211; Hallstatt &#8211; Pfandl &#8211; Bad Aussee &#8211; Bad Ischl &#8211; Salzburg<br \/><strong>Reise ausgebucht &#8211; Buchung auf Warteliste m\u00f6glich<br \/><span style=\"color: #ff0000;\">ODER alternativer Zusatztermin 21.06. &#8211; 26.06.2026<\/span><\/strong><br \/><a href=\"https:\/\/www.eberhardt-travel.de\/reise\/rundreisen\/oesterreich\/salzkammergut-salzburg\/at-salga\">https:\/\/www.eberhardt-travel.de\/reise\/rundreisen\/oesterreich\/salzkammergut-salzburg\/at-salga<\/a><\/p>\n<p><strong>24.07. \u2013 27.07.2026 R-07 Busreise: Bregenzer Festspiele mit Guiseppe Verdis &#8222;La Traviata&#8220;<\/strong><br \/>Lindau &#8211; Bregenz &#8211; Bodensee &#8211; Insel Mainau (fakultativ)<br \/><strong>Einzelzimmer ausgebucht &#8211; Buchung auf Warteliste m\u00f6glich<\/strong><br \/><a href=\"https:\/\/www.eberhardt-travel.de\/reise\/rundreisen\/oesterreich\/festspiele-bregenz\/at-bretr\">https:\/\/www.eberhardt-travel.de\/reise\/rundreisen\/oesterreich\/festspiele-bregenz\/at-bretr<\/a><\/p>\n<p><strong>05.03. \u2013 12.03.2027 R-08 Flugreise: Andalusien &#8211; Land der Farben, Kl\u00e4nge und Meisterwerke<\/strong><br \/>M\u00e1laga &#8211; Sevilla &#8211; C\u00f3rdoba &#8211; Granada mit der Alhambra &#8211; Ronda &#8211; Costa del Sol &#8211; Gibraltar (fakultativ)<br \/><a href=\"https:\/\/dev.eberhardt-travel.de\/reise\/rundreisen\/spanien\/andalusien\/es-qqdas\">https:\/\/www.eberhardt-travel.de\/reise\/rundreisen\/spanien\/andalusien\/es-qqdas<\/a><\/p>\n<p>\u00a0<\/p>\n<p><\/td><\/tr><\/table>&nbsp;\n\n\n<p><\/p>\n","protected":false},"excerpt":{"rendered":"<p>Unsere Bildungs- und Kulturreisen 2026\/27&nbsp;f\u00fchren Sie&nbsp;mit dem Flieger nach Barcelona, in eine der gro\u00dfen Kunst- und Kulturmetropolen Europas und Spaniens sowie per Reisebus zum Fr\u00fchsommer an die Nordsee, zur Gartenreise in das Salzkammergut und nach Bregenz zur Auff\u00fchrung der Oper &#8222;La Traviata&#8220;. Bereits jetzt k\u00f6nnen Sie erste Reisepl\u00e4ne f\u00fcr den M\u00e4rz 2027 realisieren: Schauen Sie [&hellip;]<\/p>\n","protected":false},"author":8,"featured_media":0,"parent":12,"menu_order":2,"comment_status":"open","ping_status":"open","template":"","meta":[],"_links":{"self":[{"href":"https:\/\/senak.inf.tu-dresden.de\/wordpress\/index.php?rest_route=\/wp\/v2\/pages\/1062"}],"collection":[{"href":"https:\/\/senak.inf.tu-dresden.de\/wordpress\/index.php?rest_route=\/wp\/v2\/pages"}],"about":[{"href":"https:\/\/senak.inf.tu-dresden.de\/wordpress\/index.php?rest_route=\/wp\/v2\/types\/page"}],"author":[{"embeddable":true,"href":"https:\/\/senak.inf.tu-dresden.de\/wordpress\/index.php?rest_route=\/wp\/v2\/users\/8"}],"replies":[{"embeddable":true,"href":"https:\/\/senak.inf.tu-dresden.de\/wordpress\/index.php?rest_route=%2Fwp%2Fv2%2Fcomments&post=1062"}],"version-history":[{"count":2,"href":"https:\/\/senak.inf.tu-dresden.de\/wordpress\/index.php?rest_route=\/wp\/v2\/pages\/1062\/revisions"}],"predecessor-version":[{"id":31491,"href":"https:\/\/senak.inf.tu-dresden.de\/wordpress\/index.php?rest_route=\/wp\/v2\/pages\/1062\/revisions\/31491"}],"up":[{"embeddable":true,"href":"https:\/\/senak.inf.tu-dresden.de\/wordpress\/index.php?rest_route=\/wp\/v2\/pages\/12"}],"wp:attachment":[{"href":"https:\/\/senak.inf.tu-dresden.de\/wordpress\/index.php?rest_route=%2Fwp%2Fv2%2Fmedia&parent=1062"}],"curies":[{"name":"wp","href":"https:\/\/api.w.org\/{rel}","templated":true}]}}