{"id":1104,"date":"2012-01-30T12:55:00","date_gmt":"2012-01-30T12:55:00","guid":{"rendered":"https:\/\/senak.inf.tu-dresden.de\/wordpress\/?page_id=5"},"modified":"2025-07-03T08:46:29","modified_gmt":"2025-07-03T06:46:29","slug":"uber-uns","status":"publish","type":"page","link":"https:\/\/senak.inf.tu-dresden.de\/wordpress\/?page_id=1104","title":{"rendered":"\u00dcber uns"},"content":{"rendered":"<h3><span style=\"color: #000000;\"><em><strong>Hier finden Sie unser aktuelles DSA-Video<\/strong> <\/em><\/span><\/h3>\n<h3><a href=\"https:\/\/drive.google.com\/file\/d\/1OPwIUwr0BFBh45UxcBTLYsDybu1W3rwP\/view?pli=1\">Video<\/a><\/h3>\n<h3>&nbsp;<\/h3>\n<h3><strong><span style=\"color: #ff6600;\"><span style=\"color: #000000;\">Die Geschichte der Dresdner Seniorenakademie (DSA) \u00fcber mehr als 30 Jahre &#8230;<\/span><\/span><\/strong><\/h3>\n<p>Bildungsangebote f\u00fcr \u00e4ltere Menschen gab es bereits zu DDR-Zeiten, so die \u201eSonntagsuniversit\u00e4t\u201c der Technischen Universit\u00e4t Dresden und die \u201eAkademie f\u00fcr \u00e4ltere B\u00fcrger\u201c an der Medizinischen Akademie in Dresden.<\/p>\n<p>Am 14.12.1993 trafen sich der Direktor des Deutschen Hygiene-Museums, Herr Dr. Roth und der Rektor der Technischen Universit\u00e4t Dresden, Herr Prof. Landgraf, um \u00fcber Bildungsangebote f\u00fcr \u00e4ltere B\u00fcrger der Stadt Dresden zu beraten. Sie verst\u00e4ndigten sich dar\u00fcber, dass die \u201eVorlesungsreihe f\u00fcr \u00e4ltere Menschen\u201c, die im Herbst 1993 am Deutschen Hygiene-Museum begann und die \u201eSonntagsuniversit\u00e4t\u201c der Technischen Universit\u00e4t Dresden ein gemeinsames Anliegen verbindet. Es wurde an die k\u00fcnstlerischen Hochschulen und die Museen in Dresden die Anfrage gerichtet, ob sie sich an einer Seniorenakademie f\u00fcr die \u00e4lteren B\u00fcrger der Stadt und ihres Umlandes beteiligen w\u00fcrden. Zw\u00f6lf angesprochene Institutionen sagten zu, die Gruppe Wissenschaft der \u201eJahresringe e.V.\u201c brachte sich ebenfalls ein. So wurde mit der Bildung des Beirates der DSA am 21.07.1994 , dem die beteiligten Partner angeh\u00f6rten, und der Gestaltung der ersten Programmbrosch\u00fcre f\u00fcr das Wintersemester die Seniorenakademie in der Stadt Dresden gestartet.<\/p>\n<p>Am 7. Oktober 1994 erfolgte im Deutschen Hygiene-Museum die feierliche Er\u00f6ffnung des 1. Semesters der \u201eDresdner Seniorenakademie Wissenschaft und Kunst\u201c.<\/p>\n<p><strong>Die Dresdner B\u00fcrger-Universit\u00e4t<\/strong>,<\/p>\n<p>ist seit 1994 ein Angebot der Technischen Universit\u00e4t Dresden f\u00fcr die B\u00fcrger der Stadt. &nbsp;Die B\u00fcrger-Universit\u00e4t will m\u00f6glichst viele Dresdner erreichen und bietet den H\u00f6rern der DSA die M\u00f6glichkeit des direkten Studienkontaktes mit den jugendlichen Studenten.<\/p>\n<p>In den folgenden Jahren kamen viele neue Partner hinzu. So hat die DSA &nbsp;auch eine Au\u00dfenstelle in der Stadt Coswig. In den inzwischen \u00fcber zwei Jahrzehnten des Bestehens der DSA ist sie zu einem festen Bestandteil in der Bildungslandschaft des Dresdner Umlandes geworden. Dar\u00fcber hinaus pflegt die DSA auch enge Kontakte mit europ\u00e4ischen Partnerinstitutionen.<\/p>\n<h3><strong><span style=\"color: #000000;\">Das Anliegen der DSA<\/span><\/strong><\/h3>\n<p>Zunehmend wird auf vielen Gebieten des t\u00e4glichen Lebens und der Politik die Kompetenz der B\u00fcrger gefordert. Dies macht besonders Angebote zur Kommunikation \u00e4lterer Menschen untereinander und mit j\u00fcngeren Menschen erforderlich. F\u00fcr Menschen im h\u00f6herem Lebensalter ist es au\u00dferdem besonders wichtig, soziale Kontakte zu erhalten bzw. neu aufzubauen und sich selbst durch aktive Beteiligung einzubringen. Damit wird auch der Vereinsamung und gesellschaftlichen Isolierung von Senioren entgegengewirkt, was sich erwiesenerma\u00dfen sehr&nbsp; positiv auf die Erhaltung der geistigen und k\u00f6rperlichen Gesundheit auswirkt. Diesem Anliegen sieht sich die DSA verpflichtet und sie m\u00f6chte dazu einem gro\u00dfen Personenkreis entsprechend ihren pers\u00f6nlichen Interessen ein breit gef\u00e4chertes Veranstaltungsangebot und M\u00f6glichkeiten zu aktiver Interessenaus\u00fcbung unterbreiten.<\/p>\n<p>Gem\u00e4\u00df dem Motto \u201eWissen schafft Br\u00fccken\u201c tr\u00e4gt die DSA so bis heute und zuk\u00fcnftig dazu bei,<\/p>\n<ul>\n<li>die Kommunikation,<\/li>\n<li>die Urteilskompetenz,<\/li>\n<li>die Medienkompetenz und<\/li>\n<li>die Europakompetenz<\/li>\n<\/ul>\n<p>insbesondere auch \u00e4lterer B\u00fcrgerinnen und B\u00fcrger zu f\u00f6rdern bzw. zu st\u00e4rken.<\/p>\n<h4 style=\"text-align: right;\"><a href=\"https:\/\/senak.inf.tu-dresden.de\/wordpress\/?page_id=1104\"><span style=\"color: #ff9900;\">zur\u00fcck nach oben<\/span><\/a><\/h4>\n\n\n<p><em><span class=\"has-inline-color has-black-color\"><code>aktualisiert am 03.07.2025<\/code><\/span><\/em><\/p>\n","protected":false},"excerpt":{"rendered":"<p>Hier finden Sie unser aktuelles DSA-Video Video &nbsp; Die Geschichte der Dresdner Seniorenakademie (DSA) \u00fcber mehr als 30 Jahre &#8230; Bildungsangebote f\u00fcr \u00e4ltere Menschen gab es bereits zu DDR-Zeiten, so die \u201eSonntagsuniversit\u00e4t\u201c der Technischen Universit\u00e4t Dresden und die \u201eAkademie f\u00fcr \u00e4ltere B\u00fcrger\u201c an der Medizinischen Akademie in Dresden. Am 14.12.1993 trafen sich der Direktor des [&hellip;]<\/p>\n","protected":false},"author":8,"featured_media":0,"parent":0,"menu_order":0,"comment_status":"open","ping_status":"open","template":"","meta":[],"_links":{"self":[{"href":"https:\/\/senak.inf.tu-dresden.de\/wordpress\/index.php?rest_route=\/wp\/v2\/pages\/1104"}],"collection":[{"href":"https:\/\/senak.inf.tu-dresden.de\/wordpress\/index.php?rest_route=\/wp\/v2\/pages"}],"about":[{"href":"https:\/\/senak.inf.tu-dresden.de\/wordpress\/index.php?rest_route=\/wp\/v2\/types\/page"}],"author":[{"embeddable":true,"href":"https:\/\/senak.inf.tu-dresden.de\/wordpress\/index.php?rest_route=\/wp\/v2\/users\/8"}],"replies":[{"embeddable":true,"href":"https:\/\/senak.inf.tu-dresden.de\/wordpress\/index.php?rest_route=%2Fwp%2Fv2%2Fcomments&post=1104"}],"version-history":[{"count":3,"href":"https:\/\/senak.inf.tu-dresden.de\/wordpress\/index.php?rest_route=\/wp\/v2\/pages\/1104\/revisions"}],"predecessor-version":[{"id":30788,"href":"https:\/\/senak.inf.tu-dresden.de\/wordpress\/index.php?rest_route=\/wp\/v2\/pages\/1104\/revisions\/30788"}],"wp:attachment":[{"href":"https:\/\/senak.inf.tu-dresden.de\/wordpress\/index.php?rest_route=%2Fwp%2Fv2%2Fmedia&parent=1104"}],"curies":[{"name":"wp","href":"https:\/\/api.w.org\/{rel}","templated":true}]}}