{"id":12,"date":"2022-11-14T11:50:00","date_gmt":"2022-11-14T10:50:00","guid":{"rendered":"https:\/\/senak.inf.tu-dresden.de\/wordpress\/?page_id=12"},"modified":"2025-11-04T15:18:29","modified_gmt":"2025-11-04T14:18:29","slug":"bildungsreisen","status":"publish","type":"page","link":"https:\/\/senak.inf.tu-dresden.de\/wordpress\/?page_id=12","title":{"rendered":"Bildungsreisen"},"content":{"rendered":"<h5><strong data-wp-editing=\"1\"><a href=\"https:\/\/senak.inf.tu-dresden.de\/wordpress\/wp-content\/uploads\/2022\/11\/Bus_2-e1668422316934.jpg\"><img loading=\"lazy\" class=\"alignleft size-medium wp-image-27746\" src=\"https:\/\/senak.inf.tu-dresden.de\/wordpress\/wp-content\/uploads\/2022\/11\/Bus_2-e1668422316934-300x192.jpg\" alt=\"\" width=\"300\" height=\"192\" srcset=\"https:\/\/senak.inf.tu-dresden.de\/wordpress\/wp-content\/uploads\/2022\/11\/Bus_2-e1668422316934-300x192.jpg 300w, https:\/\/senak.inf.tu-dresden.de\/wordpress\/wp-content\/uploads\/2022\/11\/Bus_2-e1668422316934.jpg 476w\" sizes=\"(max-width: 300px) 100vw, 300px\" \/><\/a>Die gef\u00e4hrlichste Weltanschauung ist die Weltanschauung derer, die die Welt nie angeschaut haben<\/strong>. Alexander von Humboldt<br \/>\n(1769 \u2013 1859)<\/h5>\n<p><a href=\"https:\/\/senak.inf.tu-dresden.de\/wordpress\/wp-content\/uploads\/2022\/11\/Eberhardt_Reisebus_in_Potsdam.jpg\"><img loading=\"lazy\" class=\" wp-image-27744\" src=\"https:\/\/senak.inf.tu-dresden.de\/wordpress\/wp-content\/uploads\/2022\/11\/Eberhardt_Reisebus_in_Potsdam-300x217.jpg\" alt=\"\" width=\"301\" height=\"218\" srcset=\"https:\/\/senak.inf.tu-dresden.de\/wordpress\/wp-content\/uploads\/2022\/11\/Eberhardt_Reisebus_in_Potsdam-300x217.jpg 300w, https:\/\/senak.inf.tu-dresden.de\/wordpress\/wp-content\/uploads\/2022\/11\/Eberhardt_Reisebus_in_Potsdam-1024x739.jpg 1024w, https:\/\/senak.inf.tu-dresden.de\/wordpress\/wp-content\/uploads\/2022\/11\/Eberhardt_Reisebus_in_Potsdam-768x554.jpg 768w, https:\/\/senak.inf.tu-dresden.de\/wordpress\/wp-content\/uploads\/2022\/11\/Eberhardt_Reisebus_in_Potsdam.jpg 1200w\" sizes=\"(max-width: 301px) 100vw, 301px\" \/><\/a><\/p>\n<p style=\"text-align: right;\">\n<p>Seit mehr als 29 Jahren geh\u00f6ren Bildungsreisen mit dem <strong>Reiseveranstalter Eberhardt TRAVEL<\/strong>\u00a0zu den gesch\u00e4tzten Angeboten unserer Akademie. Neben dem\u00a0Erweitern und Erwerben von Wissen erhalten Sie tiefe oft nicht allt\u00e4gliche Einblicke in das Leben, in die Geschichte, in die Kultur des Reiselandes bzw. der -region. Sie reisen in einer Gruppe Gleichgesinnter. Mit der Zeit lernen Sie sich kennen und finden so Gelegenheit zu interessanten Gespr\u00e4chen. In unserer Reisefamilie sind auch Einzelreisende nicht allein, sondern herzlich willkommen!<\/p>\n<p><strong>Zugleich weisen wir aus Erfahrung darauf hin, dass die Bildungsreisen auf die Belange aktiver Seniorinnen und Senioren ausgerichtet sind. Stadtrundg\u00e4nge und Museumsf\u00fchrungen sind mit ca. 1,5 Stunden konzipiert. Eine individuelle Einzelbetreuung w\u00e4hrend der Reise ist nicht m\u00f6glich.<\/strong><\/p>\n<p>Unsere Reisen werden durch wissenschaftliche und k\u00fcnstlerische Vortr\u00e4ge bzw. Seminare untersetzt und durch unsere Vortragsreihe <strong>Die Farben der Welt entdecken<\/strong> thematisch begleitet.<\/p>\n<h5><span style=\"color: #000000;\">Die detaillierte \u00dcbersicht zu den Tagesreisen und den Mehrtagesreisen finden Sie \u00fcber die Schaltfl\u00e4chen links oben.<\/span><\/h5>\n<p><strong><span style=\"color: #ff0000;\">Sollten Sie Fragen zum Reiseverlauf und zu den Leistungen haben, dann kommen Sie bitte ins B\u00fcro der Dresdner Seniorenakademie oder mittwochs direkt zu Anke Nicke in das Eberhardt-Reise-Zentrum &#8211; Passage Prager Spitze &#8211; Prager Stra\u00dfe 2 (gegen\u00fcber REWE).<\/span><\/strong><\/p>\n<h4 style=\"text-align: right;\"><a href=\"https:\/\/senak.inf.tu-dresden.de\/wordpress\/?page_id=12\"><span style=\"color: #ff9900;\">zur\u00fcck nach oben<\/span><\/a><\/h4>\n","protected":false},"excerpt":{"rendered":"<p>Die gef\u00e4hrlichste Weltanschauung ist die Weltanschauung derer, die die Welt nie angeschaut haben. Alexander von Humboldt (1769 \u2013 1859) Seit mehr als 29 Jahren geh\u00f6ren Bildungsreisen mit dem Reiseveranstalter Eberhardt TRAVEL\u00a0zu den gesch\u00e4tzten Angeboten unserer Akademie. Neben dem\u00a0Erweitern und Erwerben von Wissen erhalten Sie tiefe oft nicht allt\u00e4gliche Einblicke in das Leben, in die Geschichte, [&hellip;]<\/p>\n","protected":false},"author":8,"featured_media":0,"parent":0,"menu_order":0,"comment_status":"open","ping_status":"open","template":"","meta":[],"_links":{"self":[{"href":"https:\/\/senak.inf.tu-dresden.de\/wordpress\/index.php?rest_route=\/wp\/v2\/pages\/12"}],"collection":[{"href":"https:\/\/senak.inf.tu-dresden.de\/wordpress\/index.php?rest_route=\/wp\/v2\/pages"}],"about":[{"href":"https:\/\/senak.inf.tu-dresden.de\/wordpress\/index.php?rest_route=\/wp\/v2\/types\/page"}],"author":[{"embeddable":true,"href":"https:\/\/senak.inf.tu-dresden.de\/wordpress\/index.php?rest_route=\/wp\/v2\/users\/8"}],"replies":[{"embeddable":true,"href":"https:\/\/senak.inf.tu-dresden.de\/wordpress\/index.php?rest_route=%2Fwp%2Fv2%2Fcomments&post=12"}],"version-history":[{"count":2,"href":"https:\/\/senak.inf.tu-dresden.de\/wordpress\/index.php?rest_route=\/wp\/v2\/pages\/12\/revisions"}],"predecessor-version":[{"id":31067,"href":"https:\/\/senak.inf.tu-dresden.de\/wordpress\/index.php?rest_route=\/wp\/v2\/pages\/12\/revisions\/31067"}],"wp:attachment":[{"href":"https:\/\/senak.inf.tu-dresden.de\/wordpress\/index.php?rest_route=%2Fwp%2Fv2%2Fmedia&parent=12"}],"curies":[{"name":"wp","href":"https:\/\/api.w.org\/{rel}","templated":true}]}}