{"id":2165,"date":"2012-05-16T21:41:02","date_gmt":"2012-05-16T20:41:02","guid":{"rendered":"https:\/\/senak.inf.tu-dresden.de\/wordpress\/?page_id=2165"},"modified":"2025-06-10T17:46:49","modified_gmt":"2025-06-10T15:46:49","slug":"unterstutzung-gewunscht","status":"publish","type":"page","link":"https:\/\/senak.inf.tu-dresden.de\/wordpress\/?page_id=2165","title":{"rendered":"Unterst\u00fctzung gew\u00fcnscht"},"content":{"rendered":"<h1>Wollen Sie aktiv in der Seniorenakademie mitwirken?<\/h1>\n\n\n<p class=\"has-text-align-right\"><\/p>\n\n\n\n<div class=\"wp-block-image\"><figure class=\"alignleft size-large\"><a href=\"https:\/\/senak.inf.tu-dresden.de\/wordpress\/wp-content\/uploads\/2023\/03\/image.png\"><img loading=\"lazy\" width=\"81\" height=\"83\" src=\"https:\/\/senak.inf.tu-dresden.de\/wordpress\/wp-content\/uploads\/2023\/03\/image.png\" alt=\"\" class=\"wp-image-28587\"\/><\/a><\/figure><\/div>\n\n\n\n<p>Die Dresdner Seniorenakademie lebt seit \u00fcber 30 Jahren haupts\u00e4chlich durch ehrenamtliches Engagement. Die Planung, Organisation und Durchf\u00fchrung der rund 250 Veranstatungen im Bildungsprogramm erfolgt freiwillig ohne Bezahlung. Auch die meisten Referenten treten ohne Honorar auf. Im Vorstand, in Interessengruppen, in Arbeitskreisen k\u00fcmmern sich Vereinsmitglieder, H\u00f6rerinnen und H\u00f6rer um das inhaltliche und organisatorische Funktionieren der Seniorenakademie. Jedes Jahr kommem so \u00fcber 12.000 Ehrenamtsstunden zusammen.<\/p>\n\n\n\n<p>Dieses Engagement auf breite Schultern zu verteilen, ist f\u00fcr die Seniorenakademie lebensnotwendig.<\/p>\n\n\n\n<p>Geben Sie Ihrem Herzen einen Sto\u00df und bringen sich mit Ihren Erfahrungen, Ihrem Wissen, Ihrer Zeit in die Gestaltung der DSA ein.<\/p>\n\n\n\n<p>Die \u00d6ffentlichkeitsarbeit braucht Verst\u00e4rkung. Besonders dringend suchen wir eine Mitarbeiterin, einen Mitarbeiter, die\/der uns bei der Akquise von dringend ben\u00f6tigten F\u00f6rdermitteln unterst\u00fctzt.<\/p>\n\n\n\n<p>In der Seniorenakademie fallen auch kurzfristig zeitlich begrenzte Aufgaben an. Das kann die Betreuung einer Veranstaltung, die Beteiligung an einem \u00f6ffentlichen Werbeauftritt oder ein Bericht f\u00fcr die Homepage sein. Diese konkreten Anforderungen mit voraussichtlichem Zeitaufwand werden rechtzeitig per Newsletter und auf der Homepage mitgeteilt.<\/p>\n\n\n\n<p>Ihre Ansprechpartner sind:<\/p>\n\n\n\n<p>Gudrun Buhrig, Vorstand \u00d6ffentlichkeitsarbeit, <a href=\"mailto:Buhrig@dsa-senioren.de\">Buhrig@dsa-senioren.de<\/a><\/p>\n\n\n\n<p>Mitarbeiterinnen im B\u00fcro, Hygiene-Museum, Lingnerplatz 1, Tel: 0351 490 64 70, <a href=\"mailto:buero-seniorenakademie@dsa-senioren.de\">buero-seniorenakademie@dsa-senioren.de<\/a><\/p>\n\n\n\n<p><\/p>\n\n\n\n<p><\/p>\n\n\n\n<p><\/p>\n","protected":false},"excerpt":{"rendered":"<p>Wollen Sie aktiv in der Seniorenakademie mitwirken? Die Dresdner Seniorenakademie lebt seit \u00fcber 30 Jahren haupts\u00e4chlich durch ehrenamtliches Engagement. Die Planung, Organisation und Durchf\u00fchrung der rund 250 Veranstatungen im Bildungsprogramm erfolgt freiwillig ohne Bezahlung. Auch die meisten Referenten treten ohne Honorar auf. Im Vorstand, in Interessengruppen, in Arbeitskreisen k\u00fcmmern sich Vereinsmitglieder, H\u00f6rerinnen und H\u00f6rer um [&hellip;]<\/p>\n","protected":false},"author":8,"featured_media":0,"parent":1103,"menu_order":5,"comment_status":"closed","ping_status":"closed","template":"","meta":[],"_links":{"self":[{"href":"https:\/\/senak.inf.tu-dresden.de\/wordpress\/index.php?rest_route=\/wp\/v2\/pages\/2165"}],"collection":[{"href":"https:\/\/senak.inf.tu-dresden.de\/wordpress\/index.php?rest_route=\/wp\/v2\/pages"}],"about":[{"href":"https:\/\/senak.inf.tu-dresden.de\/wordpress\/index.php?rest_route=\/wp\/v2\/types\/page"}],"author":[{"embeddable":true,"href":"https:\/\/senak.inf.tu-dresden.de\/wordpress\/index.php?rest_route=\/wp\/v2\/users\/8"}],"replies":[{"embeddable":true,"href":"https:\/\/senak.inf.tu-dresden.de\/wordpress\/index.php?rest_route=%2Fwp%2Fv2%2Fcomments&post=2165"}],"version-history":[{"count":3,"href":"https:\/\/senak.inf.tu-dresden.de\/wordpress\/index.php?rest_route=\/wp\/v2\/pages\/2165\/revisions"}],"predecessor-version":[{"id":30765,"href":"https:\/\/senak.inf.tu-dresden.de\/wordpress\/index.php?rest_route=\/wp\/v2\/pages\/2165\/revisions\/30765"}],"up":[{"embeddable":true,"href":"https:\/\/senak.inf.tu-dresden.de\/wordpress\/index.php?rest_route=\/wp\/v2\/pages\/1103"}],"wp:attachment":[{"href":"https:\/\/senak.inf.tu-dresden.de\/wordpress\/index.php?rest_route=%2Fwp%2Fv2%2Fmedia&parent=2165"}],"curies":[{"name":"wp","href":"https:\/\/api.w.org\/{rel}","templated":true}]}}