{"id":34,"date":"2012-01-30T13:06:09","date_gmt":"2012-01-30T13:06:09","guid":{"rendered":"https:\/\/senak.inf.tu-dresden.de\/wordpress\/?page_id=34"},"modified":"2021-09-27T18:35:44","modified_gmt":"2021-09-27T16:35:44","slug":"interessengruppen","status":"publish","type":"page","link":"https:\/\/senak.inf.tu-dresden.de\/wordpress\/?page_id=34","title":{"rendered":"Interessengruppen"},"content":{"rendered":"<p>\u201eFange nie an aufzuh\u00f6ren, h\u00f6re nie auf, anzufangen\u201c, dieses Zitat von Cicero ist wohl gleicherma\u00dfen passend f\u00fcr alle, die schon in den verschiedenen Interessengruppen aktiv sind, es ist aber auch eine Ermutigung f\u00fcr alle, die noch keines der Angebote der Seniorenakademie zur Mitarbeit nutzen.<\/p>\n<p>Die Voraussetzungen f\u00fcr die Begegnung und den Austausch mit anderen Menschen, die gleiche Interessen verbindet, sind in den Interessengruppen bestens gegeben und hier k\u00f6nnen Sie Ihren Neigungen und kreativen F\u00e4higkeiten entsprechend mitarbeiten.<\/p>\n<p>Also, schauen Sie sich bei unseren Interessengruppen um, vielleicht ist auch f\u00fcr Sie etwas dabei. Sie sind herzlich willkommen!<\/p>\n<p>Die Termine, R\u00e4ume, Ansprechpartner\u00a0 und Themenschwerpunkte finden Sie sowohl auf der Internetseite der\u00a0 jeweiligen Interessengruppe als auch in der Brosch\u00fcre f\u00fcr das Semesterprogramm.\u201c<\/p>\n<h4><strong>Schauen Sie sich die hier ausgewiesenen Angebote an und folgen Sie Ihren kreativen Neigungen.<br \/>\nWir freuen uns \u00fcber Ihre Teilnahme und Mitarbeit!<\/strong><\/h4>\n<p><strong>\u00a0<\/strong><\/p>\n","protected":false},"excerpt":{"rendered":"<p>\u201eFange nie an aufzuh\u00f6ren, h\u00f6re nie auf, anzufangen\u201c, dieses Zitat von Cicero ist wohl gleicherma\u00dfen passend f\u00fcr alle, die schon in den verschiedenen Interessengruppen aktiv sind, es ist aber auch eine Ermutigung f\u00fcr alle, die noch keines der Angebote der Seniorenakademie zur Mitarbeit nutzen. Die Voraussetzungen f\u00fcr die Begegnung und den Austausch mit anderen Menschen, [&hellip;]<\/p>\n","protected":false},"author":8,"featured_media":0,"parent":0,"menu_order":0,"comment_status":"open","ping_status":"open","template":"","meta":[],"_links":{"self":[{"href":"https:\/\/senak.inf.tu-dresden.de\/wordpress\/index.php?rest_route=\/wp\/v2\/pages\/34"}],"collection":[{"href":"https:\/\/senak.inf.tu-dresden.de\/wordpress\/index.php?rest_route=\/wp\/v2\/pages"}],"about":[{"href":"https:\/\/senak.inf.tu-dresden.de\/wordpress\/index.php?rest_route=\/wp\/v2\/types\/page"}],"author":[{"embeddable":true,"href":"https:\/\/senak.inf.tu-dresden.de\/wordpress\/index.php?rest_route=\/wp\/v2\/users\/8"}],"replies":[{"embeddable":true,"href":"https:\/\/senak.inf.tu-dresden.de\/wordpress\/index.php?rest_route=%2Fwp%2Fv2%2Fcomments&post=34"}],"version-history":[{"count":2,"href":"https:\/\/senak.inf.tu-dresden.de\/wordpress\/index.php?rest_route=\/wp\/v2\/pages\/34\/revisions"}],"predecessor-version":[{"id":26613,"href":"https:\/\/senak.inf.tu-dresden.de\/wordpress\/index.php?rest_route=\/wp\/v2\/pages\/34\/revisions\/26613"}],"wp:attachment":[{"href":"https:\/\/senak.inf.tu-dresden.de\/wordpress\/index.php?rest_route=%2Fwp%2Fv2%2Fmedia&parent=34"}],"curies":[{"name":"wp","href":"https:\/\/api.w.org\/{rel}","templated":true}]}}