{"id":431,"date":"2012-02-26T14:43:06","date_gmt":"2012-02-26T13:43:06","guid":{"rendered":"https:\/\/senak.inf.tu-dresden.de\/wordpress\/?page_id=431"},"modified":"2026-04-07T10:44:23","modified_gmt":"2026-04-07T08:44:23","slug":"ig-theater","status":"publish","type":"page","link":"https:\/\/senak.inf.tu-dresden.de\/wordpress\/?page_id=431","title":{"rendered":"Theatergruppe &#8222;Maske in Grau&#8220;"},"content":{"rendered":"\n<p><\/p>\n\n\n\n<figure class=\"wp-block-table\"><table><thead><tr><td><strong>Interessengruppe<\/strong>&#8211;<br><strong>Theater<\/strong><\/td><td><strong>IG-Leiter<\/strong><\/td><td>Kay Zeisig<\/td><\/tr><\/thead><tbody><tr><td>\ufeff<\/td><td><strong>IG-Zeiten<\/strong><\/td><td>w\u00f6chentlich , am Samstag um 09:30 Uhr<\/td><\/tr><tr><td>\ufeff<\/td><td><strong>Ort<\/strong><\/td><td>Begegnungsst\u00e4tte &#8222;Johann&#8220;<br>DRK Striesener Str. 39, 01307 Dresden<\/td><\/tr><tr><td>\ufeff<\/td><td><strong>Inhalte<\/strong><\/td><td>Kurze Spielszenen und Sketche, lockeres Sprach-, Rhythmus- und Bewegungstraining<\/td><\/tr><tr><td><strong>Kontakt<\/strong><\/td><td><strong>IG- Leiter<\/strong><br><br><strong>Ansprechpartnerin<\/strong><\/td><td>Kay Zeisig<br>Heike Gierth<br><a href=\"mailto:H.Gierth@t-online.de\">H.Gierth@t-online.de<\/a><\/td><\/tr><tr><td><strong>Voraussetzung<\/strong><\/td><td>\ufeff<\/td><td>Teilnahme an Treffen mit g\u00fcltigem H\u00f6rerausweis<\/td><\/tr><tr><td><strong>weitere Informationen<\/strong><\/td><td><\/td><td><\/td><\/tr><\/tbody><\/table><\/figure>\n\n\n<p style=\"text-align: center;\"><strong>Erfahren, ausdrucksstark und voller Spiellust: In unserer Theatergruppe verwandeln wir Alltagserlebnisse in unterhaltsame Szenen \u2013 mit Humor, Bewegung und viel Herz. Interessierte k\u00f6nnen jederzeit einsteigen!&nbsp;<\/strong><\/p>\n<h3 style=\"text-align: center;\"><span style=\"color: #ff6600;\"><strong>Die Theatergruppe<\/strong><\/span><\/h3>\n<h3 style=\"text-align: center;\"><span style=\"color: #808080;\"><strong>\u201eMaske in Grau\u201c<\/strong><\/span><\/h3>\n<h3 style=\"text-align: center;\"><span style=\"color: #ff6600;\"><strong>der Dresdner Seniorenakademie<\/strong><\/span><\/h3>\n<p style=\"text-align: left;\"><a href=\"https:\/\/senak.inf.tu-dresden.de\/wordpress\/wp-content\/uploads\/2025\/05\/IG_Theater_202505.png\"><img loading=\"lazy\" class=\"wp-image-30713 size-full aligncenter\" src=\"https:\/\/senak.inf.tu-dresden.de\/wordpress\/wp-content\/uploads\/2025\/05\/IG_Theater_202505.png\" alt=\"\" width=\"232\" height=\"287\"><\/a><\/p>\n<p>Erfahren, ausdrucksstark und voller Spiellust: In unserer Theatergruppe verwandeln wir Alltagserlebnisse in unterhaltsame Szenen \u2013 mit Humor, Bewegung und viel Herz bringen wir unser Publikum zum Schmunzeln, Lachen und Nachdenken. Wir spielen vor allem kleine Sketche und haben ein buntes Programm &#8222;aus dem Leben und daneben&#8220;.<\/p>\n<p>Wenn Sie Lust haben, besuchen Sie uns doch bei einem Auftritt oder einer Probe &#8211; Sie sind jederzeit willkommen! <br>Bitte kontaktieren Sie vorher Kay Zeisig (kay.zeisig@tu-dresden.de) oder Heike Gierth (h.gierth@t-online.de).<\/p>\n<p>Wir treffen uns nach M\u00f6glichkeit jeden Freitag ab 9 Uhr in der Johannstadt.<\/p>\n<p><a href=\"https:\/\/senak.inf.tu-dresden.de\/wordpress\/wp-content\/uploads\/2022\/05\/image44_20220425-scaled.jpeg\"><img loading=\"lazy\" class=\"alignnone size-medium wp-image-27344\" src=\"https:\/\/senak.inf.tu-dresden.de\/wordpress\/wp-content\/uploads\/2022\/05\/image44_20220425-225x300.jpeg\" alt=\"IG Theater\" width=\"225\" height=\"300\" srcset=\"https:\/\/senak.inf.tu-dresden.de\/wordpress\/wp-content\/uploads\/2022\/05\/image44_20220425-225x300.jpeg 225w, https:\/\/senak.inf.tu-dresden.de\/wordpress\/wp-content\/uploads\/2022\/05\/image44_20220425-768x1024.jpeg 768w, https:\/\/senak.inf.tu-dresden.de\/wordpress\/wp-content\/uploads\/2022\/05\/image44_20220425-1152x1536.jpeg 1152w, https:\/\/senak.inf.tu-dresden.de\/wordpress\/wp-content\/uploads\/2022\/05\/image44_20220425-1536x2048.jpeg 1536w, https:\/\/senak.inf.tu-dresden.de\/wordpress\/wp-content\/uploads\/2022\/05\/image44_20220425-scaled.jpeg 1920w\" sizes=\"(max-width: 225px) 100vw, 225px\" \/><\/a> <a href=\"https:\/\/senak.inf.tu-dresden.de\/wordpress\/wp-content\/uploads\/2022\/05\/image55_20220425-scaled.jpeg\"><img loading=\"lazy\" class=\"alignnone size-medium wp-image-27345\" src=\"https:\/\/senak.inf.tu-dresden.de\/wordpress\/wp-content\/uploads\/2022\/05\/image55_20220425-225x300.jpeg\" alt=\"IG Theater\" width=\"225\" height=\"300\" srcset=\"https:\/\/senak.inf.tu-dresden.de\/wordpress\/wp-content\/uploads\/2022\/05\/image55_20220425-225x300.jpeg 225w, https:\/\/senak.inf.tu-dresden.de\/wordpress\/wp-content\/uploads\/2022\/05\/image55_20220425-768x1024.jpeg 768w, https:\/\/senak.inf.tu-dresden.de\/wordpress\/wp-content\/uploads\/2022\/05\/image55_20220425-1152x1536.jpeg 1152w, https:\/\/senak.inf.tu-dresden.de\/wordpress\/wp-content\/uploads\/2022\/05\/image55_20220425-1536x2048.jpeg 1536w, https:\/\/senak.inf.tu-dresden.de\/wordpress\/wp-content\/uploads\/2022\/05\/image55_20220425-scaled.jpeg 1920w\" sizes=\"(max-width: 225px) 100vw, 225px\" \/><\/a> <a href=\"https:\/\/senak.inf.tu-dresden.de\/wordpress\/wp-content\/uploads\/2022\/05\/image33_20220425-scaled.jpeg\"><img loading=\"lazy\" class=\"alignnone size-medium wp-image-27343\" src=\"https:\/\/senak.inf.tu-dresden.de\/wordpress\/wp-content\/uploads\/2022\/05\/image33_20220425-225x300.jpeg\" alt=\"IG Theater\" width=\"225\" height=\"300\" srcset=\"https:\/\/senak.inf.tu-dresden.de\/wordpress\/wp-content\/uploads\/2022\/05\/image33_20220425-225x300.jpeg 225w, https:\/\/senak.inf.tu-dresden.de\/wordpress\/wp-content\/uploads\/2022\/05\/image33_20220425-768x1024.jpeg 768w, https:\/\/senak.inf.tu-dresden.de\/wordpress\/wp-content\/uploads\/2022\/05\/image33_20220425-1152x1536.jpeg 1152w, https:\/\/senak.inf.tu-dresden.de\/wordpress\/wp-content\/uploads\/2022\/05\/image33_20220425-1536x2048.jpeg 1536w, https:\/\/senak.inf.tu-dresden.de\/wordpress\/wp-content\/uploads\/2022\/05\/image33_20220425-scaled.jpeg 1920w\" sizes=\"(max-width: 225px) 100vw, 225px\" \/><\/a><\/p>\n<p>Wir freuen uns jederzeit \u00fcber Neueinsteiger, egal welchen Niveaus &#8211; B\u00fchnenerfahrung m\u00fcssen Sie nicht mitbringen. <br>Lust und Neugier aufs Theaterspielen reicht vollkommen!<\/p>\n<p>&nbsp;<a href=\"https:\/\/senak.inf.tu-dresden.de\/wordpress\/wp-content\/uploads\/2022\/05\/image1_20220425-scaled.jpeg\"><img loading=\"lazy\" class=\" wp-image-27336 alignnone\" src=\"https:\/\/senak.inf.tu-dresden.de\/wordpress\/wp-content\/uploads\/2022\/05\/image1_20220425-300x225.jpeg\" alt=\"IG Theater\" width=\"339\" height=\"254\" srcset=\"https:\/\/senak.inf.tu-dresden.de\/wordpress\/wp-content\/uploads\/2022\/05\/image1_20220425-300x225.jpeg 300w, https:\/\/senak.inf.tu-dresden.de\/wordpress\/wp-content\/uploads\/2022\/05\/image1_20220425-1024x768.jpeg 1024w, https:\/\/senak.inf.tu-dresden.de\/wordpress\/wp-content\/uploads\/2022\/05\/image1_20220425-768x576.jpeg 768w, https:\/\/senak.inf.tu-dresden.de\/wordpress\/wp-content\/uploads\/2022\/05\/image1_20220425-1536x1152.jpeg 1536w, https:\/\/senak.inf.tu-dresden.de\/wordpress\/wp-content\/uploads\/2022\/05\/image1_20220425-2048x1536.jpeg 2048w\" sizes=\"(max-width: 339px) 100vw, 339px\" \/><\/a><a href=\"https:\/\/senak.inf.tu-dresden.de\/wordpress\/wp-content\/uploads\/2023\/03\/qsvtBp94-scaled.jpeg\"><img loading=\"lazy\" class=\"wp-image-28454 alignright\" src=\"https:\/\/senak.inf.tu-dresden.de\/wordpress\/wp-content\/uploads\/2023\/03\/qsvtBp94-225x300.jpeg\" alt=\"Foto 19.04.22, 15 10\" width=\"188\" height=\"251\" srcset=\"https:\/\/senak.inf.tu-dresden.de\/wordpress\/wp-content\/uploads\/2023\/03\/qsvtBp94-225x300.jpeg 225w, https:\/\/senak.inf.tu-dresden.de\/wordpress\/wp-content\/uploads\/2023\/03\/qsvtBp94-768x1024.jpeg 768w, https:\/\/senak.inf.tu-dresden.de\/wordpress\/wp-content\/uploads\/2023\/03\/qsvtBp94-1152x1536.jpeg 1152w, https:\/\/senak.inf.tu-dresden.de\/wordpress\/wp-content\/uploads\/2023\/03\/qsvtBp94-1536x2048.jpeg 1536w, https:\/\/senak.inf.tu-dresden.de\/wordpress\/wp-content\/uploads\/2023\/03\/qsvtBp94-scaled.jpeg 1920w\" sizes=\"(max-width: 188px) 100vw, 188px\" \/><\/a><\/p>\n<p><\/p>\n\n\n<div class=\"wp-block-columns\">\n<div class=\"wp-block-column\" style=\"flex-basis:33.34%\"><\/div>\n\n\n\n<div class=\"wp-block-column\" style=\"flex-basis:33.34%\"><\/div>\n\n\n\n<div class=\"wp-block-column\" style=\"flex-basis:33.33%\"><\/div>\n<\/div>\n","protected":false},"excerpt":{"rendered":"<p>Interessengruppe&#8211;Theater IG-Leiter Kay Zeisig \ufeff IG-Zeiten w\u00f6chentlich , am Samstag um 09:30 Uhr \ufeff Ort Begegnungsst\u00e4tte &#8222;Johann&#8220;DRK Striesener Str. 39, 01307 Dresden \ufeff Inhalte Kurze Spielszenen und Sketche, lockeres Sprach-, Rhythmus- und Bewegungstraining Kontakt IG- Leiter Ansprechpartnerin Kay ZeisigHeike GierthH.Gierth@t-online.de Voraussetzung \ufeff Teilnahme an Treffen mit g\u00fcltigem H\u00f6rerausweis weitere Informationen Erfahren, ausdrucksstark und voller Spiellust: [&hellip;]<\/p>\n","protected":false},"author":8,"featured_media":0,"parent":34,"menu_order":35,"comment_status":"open","ping_status":"open","template":"","meta":[],"_links":{"self":[{"href":"https:\/\/senak.inf.tu-dresden.de\/wordpress\/index.php?rest_route=\/wp\/v2\/pages\/431"}],"collection":[{"href":"https:\/\/senak.inf.tu-dresden.de\/wordpress\/index.php?rest_route=\/wp\/v2\/pages"}],"about":[{"href":"https:\/\/senak.inf.tu-dresden.de\/wordpress\/index.php?rest_route=\/wp\/v2\/types\/page"}],"author":[{"embeddable":true,"href":"https:\/\/senak.inf.tu-dresden.de\/wordpress\/index.php?rest_route=\/wp\/v2\/users\/8"}],"replies":[{"embeddable":true,"href":"https:\/\/senak.inf.tu-dresden.de\/wordpress\/index.php?rest_route=%2Fwp%2Fv2%2Fcomments&post=431"}],"version-history":[{"count":4,"href":"https:\/\/senak.inf.tu-dresden.de\/wordpress\/index.php?rest_route=\/wp\/v2\/pages\/431\/revisions"}],"predecessor-version":[{"id":31461,"href":"https:\/\/senak.inf.tu-dresden.de\/wordpress\/index.php?rest_route=\/wp\/v2\/pages\/431\/revisions\/31461"}],"up":[{"embeddable":true,"href":"https:\/\/senak.inf.tu-dresden.de\/wordpress\/index.php?rest_route=\/wp\/v2\/pages\/34"}],"wp:attachment":[{"href":"https:\/\/senak.inf.tu-dresden.de\/wordpress\/index.php?rest_route=%2Fwp%2Fv2%2Fmedia&parent=431"}],"curies":[{"name":"wp","href":"https:\/\/api.w.org\/{rel}","templated":true}]}}