{"id":506,"date":"2012-02-26T20:10:00","date_gmt":"2012-02-26T19:10:00","guid":{"rendered":"https:\/\/senak.inf.tu-dresden.de\/wordpress\/?page_id=506"},"modified":"2025-10-22T16:19:26","modified_gmt":"2025-10-22T14:19:26","slug":"ig-zeitzeugen","status":"publish","type":"page","link":"https:\/\/senak.inf.tu-dresden.de\/wordpress\/?page_id=506","title":{"rendered":"Zeitzeugen"},"content":{"rendered":"\n<figure class=\"wp-block-table\"><table><thead><tr><td><strong>Interessengruppe<\/strong>&#8211;<br><strong>Zeitzeugen<\/strong><\/td><td><strong>IG-Leiter<\/strong><\/td><td>Herr Hartmut Roth<\/td><\/tr><\/thead><tbody><tr><td>\ufeff<\/td><td><strong>IG-Zeiten<\/strong><\/td><td>Wir treffen uns einmal monatlich am 3. Montag eines jeden Monats zwischen 10:00  und 12:00 Uhr<\/td><\/tr><tr><td>\ufeff<\/td><td><strong>Ort<\/strong><\/td><td>SLUB, Zentralbibliothek Erziehungswissenschaften, August-Bebel-Str. 18, 01219 Dresden, Raum T3<\/td><\/tr><tr><td>\ufeff<\/td><td><strong>Inhalte<\/strong><\/td><td>Dokumentation pers\u00f6nlicher Erlebnisse, um diese f\u00fcr kommende Generationen zu bewahren \u2013 Aktuelles Projekt: Ver\u00e4nderungen in unserem Leben nach dem Fall der Mauer vor 30 Jahren. <br>Die Begegnung wird jeweils vorbereitet, moderiert und zusammengefasst von Hartmut Roth, der die Interessengruppe verantwortet.<\/td><\/tr><tr><td><strong>Kontakt<\/strong><\/td><td><strong>IG- Leiter<\/strong><\/td><td><a href=\"mailto:hartmutheinrichroth@gmx.de\">hartmutheinrichroth@gmx.de<\/a><br><a href=\"mailto:h.roth@dsa-senioren.de\">h.roth@dsa-senioren.de<\/a><br><\/td><\/tr><tr><td><strong>Voraussetzung<\/strong><\/td><td>\ufeff<\/td><td>Teilnahme an IG-Treffen mit g\u00fcltigem H\u00f6rerausweis<\/td><\/tr><tr><td><strong>weitere Informationen<\/strong><\/td><td><\/td><td><\/td><\/tr><\/tbody><\/table><\/figure>\n\n\n\n<div class=\"wp-block-group\"><div class=\"wp-block-group__inner-container\">\n<p style=\"padding-left: 440px;\">\n<\/p><p><img loading=\"lazy\" class=\"aligncenter\" src=\"https:\/\/senak.inf.tu-dresden.de\/wordpress\/wp-content\/uploads\/2021\/09\/Zeitzeugen-WP_20210712_10_48_25_Rich-scaled.jpg\" width=\"397\" height=\"223\"><\/p>\n<p style=\"text-align: left;\"><strong>&nbsp;&nbsp;&nbsp;&nbsp;&nbsp;&nbsp;&nbsp;&nbsp;&nbsp;&nbsp;&nbsp;&nbsp;&nbsp;&nbsp;&nbsp;&nbsp;&nbsp;&nbsp;&nbsp;&nbsp;&nbsp;&nbsp;&nbsp;&nbsp;&nbsp;&nbsp;&nbsp;&nbsp;&nbsp;&nbsp;&nbsp;&nbsp;&nbsp;&nbsp;&nbsp;&nbsp;&nbsp;&nbsp;&nbsp; &nbsp; &nbsp; &nbsp; &nbsp; &nbsp; &nbsp; &nbsp; &nbsp; &nbsp; &nbsp;&nbsp;&nbsp;&nbsp;&nbsp; Mitglieder der IG Zeitzeugen<\/strong><\/p>\n<p><strong>Zeitzeugenarbeit bisher<br><\/strong>Unsere Interessengruppe Zeitzeugen wurde 1996 unter Leitung von Frau Edelgard Geiger gegr\u00fcndet, fortgef\u00fchrt von Herrn Dr. Erhard Liebscher, 2016 bis 2021 von Herrn Volkmar Lindner und ab dem WS 2021\/2022 von Herrn Hartmut Roth.<br>Die pers\u00f6nlichen Erlebnisse seit Ende des 2. Weltkrieges haben wir 2015 unter dem Titel \u201eUnser bewegtes Leben, Senioren berichten vom Ende des 2. Weltkrieges bis heute\u201c ver\u00f6ffentlicht. Danach folgte Ende 2021das Projekt \u201e1989 Mauerfall, Zeitzeugen berichten \u00fcber ihr ver\u00e4ndertes Leben\u201c. Beide B\u00fccher k\u00f6nnen beim HILLE-Verlag gekauft werden. Wir wollen weitere Ausschnitte unseres Leben \u00f6ffentlich machen. Die Zeit, die wir erlebt haben, wird nie wiederkommen und verdient es beschrieben zu werden.<\/p>\n<p><strong>Zeitzeugenarbeit aktuell<br><\/strong>Geschichte ist die Grundlage unseres Nachdenkens. Welche Ereignisse haben sich in unserem Leben abgespielt. Die \u00e4ltesten Zeitzeugen (ab Jg. 1932), haben die Macht\u00fcbernahme der Nazis erlebt, den zweiten Weltkrieg, den Feuersturm \u00fcber Dresden am 13.2.45. Die etwas j\u00fcngeren die vier von den Siegerm\u00e4chten des 2. Weltkrieges besetzten Zonen und die Gr\u00fcndung beider deutscher Staaten mit unterschiedlichen Folgen in allen Bereichen der Gesellschaft. Alle haben den Beitritt der DDR zur BRD nach Art. 23 GG erlebt und danach eine neue Gesellschaft. So sind geschichtsbewusste Senioren die \u201egeborenen\u201c Zeitzeugen, die auf ein ereignisreiches Leben zur\u00fccksehen k\u00f6nnen. Zeitzeugenarbeit ist erinnern und beschreiben. Zeitzeugen sind Philosophen, Politologen, Historiker, Psychologen, Menschen, die mit zwei F\u00fc\u00dfen im Leben stehen: gestanden, vom Leben gebildet\u2026<br>Der pers\u00f6nliche Gewinn der Teilnehmenden der Gruppe sind neue Perspektiven auf alte Ereignisse. Das weitet den Horizont. Dar\u00fcber hinaus kommt man sich selbst auf die Spur. Man entdeckt, was einen selbst so gepr\u00e4gt hat, wie man letztlich geworden ist. Waren es die Gene, die Erziehung durch Eltern, die Schule, Pr\u00e4gungen im Beruf, durch Partner\/in, der\/die das Leben mit einem teilt oder geteilt hat, oder der umgebenden Gesellschaft?<br>Zeitzeugen erinnern, denken, analysieren, tauschen sich aus, begreifen und machen Vergangenes nacherlebbar, verstehbar. Zeitzeugen lernen voneinander und lehren andere.<\/p>\n<p><strong>Werbefaltbl\u00e4tter der beiden Taschenb\u00fccher:<\/strong><\/p>\n<h5><a href=\"https:\/\/senak.inf.tu-dresden.de\/wordpress\/wp-content\/uploads\/2022\/02\/Faltblatt-Unser-bewegtes-Leben-1.pdf\"><span style=\"color: #800080;\">Faltblatt Unser bewegtes Leben <\/span><\/a><span style=\"color: #800080;\">&nbsp; &nbsp;&nbsp;&nbsp;&nbsp;&nbsp;&nbsp;&nbsp;&nbsp;&nbsp;&nbsp;&nbsp;&nbsp;&nbsp;&nbsp;&nbsp;&nbsp;&nbsp;&nbsp;&nbsp;&nbsp;&nbsp;&nbsp; <a style=\"color: #800080;\" href=\"https:\/\/senak.inf.tu-dresden.de\/wordpress\/wp-content\/uploads\/2022\/02\/Faltblatt-Wendepunkt-Mauerfall-1989.pdf\">Faltblatt Wendepunkt-Mauerfall 1989<\/a><br><\/span><\/h5>\n<h3>&nbsp;<\/h3>\n<h3>&nbsp;<\/h3>\n<h3><strong>Archiv<\/strong><\/h3>\n<p>Hier finden Sie alle bereits als Leseproben erschienenen Berichte. &nbsp;&nbsp;&nbsp;&nbsp; <span style=\"color: #ff9900;\">&#8230; weiterlesen<\/span> &nbsp;&nbsp;&nbsp;&nbsp; <a href=\"https:\/\/senak.inf.tu-dresden.de\/wordpress\/?page_id=15229\">Archiv Zeitzeugen<\/a><\/p>\n<h4 style=\"text-align: right;\"><a href=\"https:\/\/senak.inf.tu-dresden.de\/wordpress\/?page_id=506\"><span style=\"color: #ff9900;\">zur\u00fcck nach oben<\/span><\/a><\/h4>\n\n\n\n<p><\/p>\n<\/div><\/div>\n\n\n\n<p><em><code>aktualisiert Hartmut Roth am 09.11.2024<\/code><\/em><\/p>\n","protected":false},"excerpt":{"rendered":"<p>Interessengruppe&#8211;Zeitzeugen IG-Leiter Herr Hartmut Roth \ufeff IG-Zeiten Wir treffen uns einmal monatlich am 3. Montag eines jeden Monats zwischen 10:00 und 12:00 Uhr \ufeff Ort SLUB, Zentralbibliothek Erziehungswissenschaften, August-Bebel-Str. 18, 01219 Dresden, Raum T3 \ufeff Inhalte Dokumentation pers\u00f6nlicher Erlebnisse, um diese f\u00fcr kommende Generationen zu bewahren \u2013 Aktuelles Projekt: Ver\u00e4nderungen in unserem Leben nach dem [&hellip;]<\/p>\n","protected":false},"author":8,"featured_media":0,"parent":34,"menu_order":45,"comment_status":"open","ping_status":"open","template":"","meta":[],"_links":{"self":[{"href":"https:\/\/senak.inf.tu-dresden.de\/wordpress\/index.php?rest_route=\/wp\/v2\/pages\/506"}],"collection":[{"href":"https:\/\/senak.inf.tu-dresden.de\/wordpress\/index.php?rest_route=\/wp\/v2\/pages"}],"about":[{"href":"https:\/\/senak.inf.tu-dresden.de\/wordpress\/index.php?rest_route=\/wp\/v2\/types\/page"}],"author":[{"embeddable":true,"href":"https:\/\/senak.inf.tu-dresden.de\/wordpress\/index.php?rest_route=\/wp\/v2\/users\/8"}],"replies":[{"embeddable":true,"href":"https:\/\/senak.inf.tu-dresden.de\/wordpress\/index.php?rest_route=%2Fwp%2Fv2%2Fcomments&post=506"}],"version-history":[{"count":3,"href":"https:\/\/senak.inf.tu-dresden.de\/wordpress\/index.php?rest_route=\/wp\/v2\/pages\/506\/revisions"}],"predecessor-version":[{"id":31027,"href":"https:\/\/senak.inf.tu-dresden.de\/wordpress\/index.php?rest_route=\/wp\/v2\/pages\/506\/revisions\/31027"}],"up":[{"embeddable":true,"href":"https:\/\/senak.inf.tu-dresden.de\/wordpress\/index.php?rest_route=\/wp\/v2\/pages\/34"}],"wp:attachment":[{"href":"https:\/\/senak.inf.tu-dresden.de\/wordpress\/index.php?rest_route=%2Fwp%2Fv2%2Fmedia&parent=506"}],"curies":[{"name":"wp","href":"https:\/\/api.w.org\/{rel}","templated":true}]}}