{"id":560,"date":"2012-02-27T21:45:15","date_gmt":"2012-02-27T20:45:15","guid":{"rendered":"https:\/\/senak.inf.tu-dresden.de\/wordpress\/?page_id=560"},"modified":"2026-02-05T18:48:11","modified_gmt":"2026-02-05T17:48:11","slug":"der-forderverein","status":"publish","type":"page","link":"https:\/\/senak.inf.tu-dresden.de\/wordpress\/?page_id=560","title":{"rendered":"F\u00f6rderverein"},"content":{"rendered":"<h2>&#8222;Freunde und F\u00f6rderer der Dresdner Seniorenakademie Wissenschaft und Kunst e.V.&#8220;<\/h2>\n<p>Der Verein \u201eFreunde und F\u00f6rderer der Dresdner Seniorenakademie Wissenschaft und Kunst e.V.\u201c. als Rechtstr\u00e4ger der DSA wurde im Herbst 1995 gegr\u00fcndet und im Februar 1996 unter der Nummer VR 2870 ins Vereinsregister beim Registergericht Dresden als gemeinn\u00fctziger Verein eingetragen. Die Gr\u00fcndungsmitglieder des F\u00f6rdervereins sind: Herr Prof. Alexander Andreeff, Frau Rosemarie Becker, Herr Erich Geiger, Herr Prof. Heinz Gillert, Frau Ruth Gro\u00dfmann, Frau Dr. Susanne Hahn, Frau Roswitha Lange, Herr Hannes Lehmann, Herr Arno Reichel, Frau Dr. Gertrud Winkler, Herr Prof. Wolfgang Winkler und Frau Helga Wittke.<\/p>\n<p>Der Verein erhielt 2004 von der Stadtsparkasse Dresden die Auszeichnung als \u201eVerein des Jahres\u201c und im Oktober 2006 den Otto-M\u00fchlschlegel-Preis.<\/p>\n<p>Getragen wird die DSA von der ehrenamtlichen T\u00e4tigkeit der Mitglieder des Vereins \u201eFreunde und F\u00f6rderer der Dresdner Seniorenakademie Wissenschaft und Kunst e.V.\u201c sowie von vielf\u00e4ltigen Aktivit\u00e4ten der Senioren selbst. Wie bisher beruhen die Existenzgrundlagen der DSA auch weiterhin ausschlie\u00dflich auf ehrenamtlichen Aktivit\u00e4ten der Mitglieder des F\u00f6rdervereins, zahlreicher H\u00f6rer und Vortragender sowie der Unterst\u00fctzung durch die Partnereinrichtungen in Dresden. Der Jahresbeitrag f\u00fcr Vereinsmitglieder betr\u00e4gt 25 Euro.<\/p>\n<p>Der Verein tr\u00e4gt unter dem Motto \u201eSenioren f\u00fcr Senioren\u201c die organisatorische und finanzielle Verantwortung f\u00fcr die DSA, ist f\u00fcr die Programmgestaltung und -betreuung zust\u00e4ndig und steuert eigene Angebote zu den Semesterprogrammen bei.<\/p>\n<h2><strong>Der Vorstand des Vereins<\/strong><\/h2>\n<p>Zum ersten Vorstand im Sinne des \u00a7 26 BGB wurden 1995 Herr Erich Geiger als Vorsitzender, Frau Rosemarie Becker als stellvertretende Vorsitzende und Herr Prof. Dr. Heinz Gillert als Schatzmeister gew\u00e4hlt.<\/p>\n<p>Auf der Sitzung des Beirates im November 2023\u00a0 wurde auf Vorschlag der Beiratsvorsitzenden Frau Dr. Undine Kr\u00e4tzig Frau Dr. Cornelia H\u00e4hne als neue Beiratsvorsitzende gew\u00e4hlt. Frau Dr. H\u00e4hne leitet das Dezernat 9, Universit\u00e4tskultur der TU Dresden.<\/p>\n<p>Vorstandsmitglieder sind:<\/p>\n<p style=\"text-align: left;\">Vorsitzender: Dieter Seyfarth<br \/>\nSchatzmeister: Annelie Zeeh<br \/>\n\u00d6ffentlichkeitsarbeit: Gudrun Buhrig<br \/>\nInteressengruppen: Dr. Margitta Thonig<br \/>\nIT-Infrastruktur: Rainer Arnold<br \/>\nProjektarbeit: Hans Schr\u00f6ter<br \/>\nBildungsprogramme: Petra Praedel<\/p>\n<p><strong>Vertretungsberechtigter (gesch\u00e4ftsf\u00fchrender) Vorstand<\/strong> nach \u00a726 BGB:<\/p>\n<p>Vorstandsvorsitzender Herr Dieter Seyfarth, 1. Stellv. Vorstandsvorsitzende und Schatzmeisterin Frau Annelie Zeeh.<\/p>\n<p>Entsprechend der g\u00fcltigen Satzung vom 25.04.2016 besteht Einzelvertretung.<\/p>\n<h2><\/h2>\n<h2><strong>Mitgliedschaften \/ Kontakte<\/strong><\/h2>\n<p>Der Verein ist Mitglied<\/p>\n<ul>\n<li>im <strong>FREUNDESKREIS DEUTSCHES HYGIENE-MUSEUM e.V.<\/strong>, Lingnerplatz 1, 01069 Dresden<\/li>\n<li>im <strong>F\u00f6rderverein Palais Gro\u00dfer Garten e.V.<\/strong>, Barteldesplatz 2, 01309 Dresden<\/li>\n<li>im <strong>Deutschen Netzwerk der Interessenvertretungen von Senior-Studierenden (DENISS)<\/strong><\/li>\n<li>in der<strong> Europ\u00e4ischen F\u00f6rderation \u00c4lterer Studierender (EFOS)<\/strong>\u00a0 \u2013 siehe dazu auch unter \u201eProjekte\u201c \u2013<\/li>\n<li>Kontakte bestehen zur<strong>Bundesarbeitsgemeinschaft der Senioren-Organisationen BAGSO e.V. (BAGSO)<\/strong> als Interessenvertretung der \u00e4lteren Generationen in Deutschland. Seit 2015 ist der Verein DENISS e.V. Mitglied der BAGSO.<\/li>\n<\/ul>\n<h2><strong>\u00a0<\/strong><\/h2>\n<h4 style=\"text-align: right;\"><a href=\"https:\/\/senak.inf.tu-dresden.de\/wordpress\/?page_id=560\"><span style=\"color: #ff9900;\">zur\u00fcck nach oben<\/span><\/a><\/h4>\n","protected":false},"excerpt":{"rendered":"<p>&#8222;Freunde und F\u00f6rderer der Dresdner Seniorenakademie Wissenschaft und Kunst e.V.&#8220; Der Verein \u201eFreunde und F\u00f6rderer der Dresdner Seniorenakademie Wissenschaft und Kunst e.V.\u201c. als Rechtstr\u00e4ger der DSA wurde im Herbst 1995 gegr\u00fcndet und im Februar 1996 unter der Nummer VR 2870 ins Vereinsregister beim Registergericht Dresden als gemeinn\u00fctziger Verein eingetragen. Die Gr\u00fcndungsmitglieder des F\u00f6rdervereins sind: Herr [&hellip;]<\/p>\n","protected":false},"author":8,"featured_media":0,"parent":1104,"menu_order":1,"comment_status":"open","ping_status":"open","template":"","meta":[],"_links":{"self":[{"href":"https:\/\/senak.inf.tu-dresden.de\/wordpress\/index.php?rest_route=\/wp\/v2\/pages\/560"}],"collection":[{"href":"https:\/\/senak.inf.tu-dresden.de\/wordpress\/index.php?rest_route=\/wp\/v2\/pages"}],"about":[{"href":"https:\/\/senak.inf.tu-dresden.de\/wordpress\/index.php?rest_route=\/wp\/v2\/types\/page"}],"author":[{"embeddable":true,"href":"https:\/\/senak.inf.tu-dresden.de\/wordpress\/index.php?rest_route=\/wp\/v2\/users\/8"}],"replies":[{"embeddable":true,"href":"https:\/\/senak.inf.tu-dresden.de\/wordpress\/index.php?rest_route=%2Fwp%2Fv2%2Fcomments&post=560"}],"version-history":[{"count":3,"href":"https:\/\/senak.inf.tu-dresden.de\/wordpress\/index.php?rest_route=\/wp\/v2\/pages\/560\/revisions"}],"predecessor-version":[{"id":31311,"href":"https:\/\/senak.inf.tu-dresden.de\/wordpress\/index.php?rest_route=\/wp\/v2\/pages\/560\/revisions\/31311"}],"up":[{"embeddable":true,"href":"https:\/\/senak.inf.tu-dresden.de\/wordpress\/index.php?rest_route=\/wp\/v2\/pages\/1104"}],"wp:attachment":[{"href":"https:\/\/senak.inf.tu-dresden.de\/wordpress\/index.php?rest_route=%2Fwp%2Fv2%2Fmedia&parent=560"}],"curies":[{"name":"wp","href":"https:\/\/api.w.org\/{rel}","templated":true}]}}