{"id":727,"date":"2012-02-28T20:38:06","date_gmt":"2012-02-28T19:38:06","guid":{"rendered":"https:\/\/senak.inf.tu-dresden.de\/wordpress\/?page_id=727"},"modified":"2024-02-11T20:33:51","modified_gmt":"2024-02-11T19:33:51","slug":"stiftung","status":"publish","type":"page","link":"https:\/\/senak.inf.tu-dresden.de\/wordpress\/?page_id=727","title":{"rendered":"Stiftung"},"content":{"rendered":"<h2 style=\"color: #ff9900;\">Zur Geschichte<\/h2>\n<p>Der Verein der Freunde und F\u00f6rderer der Dresdner Seniorenakademie Wissenschaft und Kunst e.V. entschied sich im November 2003 f\u00fcr die Gr\u00fcndung einer Stiftung und stellte aus eigenen Mitteln 15.000,00 \u20ac als Anfangsverm\u00f6gen f\u00fcr die Stiftung zur Verf\u00fcgung. Diese Mittel hatte der F\u00f6rderverein im Rahmen eines vom Bundesforschungsministerium gestifteten \u201eDeutschen Seniorenpreis f\u00fcr Multimedia\u201c als Wettbewerbssieger erhalten. Die Stiftung f\u00f6rdert die wissenschaftlichen, kulturellen und k\u00fcnstlerischen Aktivit\u00e4ten \u00e4lterer Menschen im \u201edritten Lebensabschnitt\u201c. Diese F\u00f6rderung erfolgt \u00fcber finanzielle Zuwendungen an den F\u00f6rderverein der Dresdner Seniorenakademie Wissenschaft und Kunst, um diesen bei seinem Engagement zur Weiterf\u00fchrung der Dresdner Seniorenakademie Wissenschaft und Kunst zu unterst\u00fctzen.<\/p>\n<p>Das Entscheidungsgremium der Stiftung ist der Stiftungsrat. Er bestimmt die Verwendung der aus dem Stiftungsverm\u00f6gen anfallenden Ertr\u00e4ge auf der Grundlage der Stiftungssatzung. Mitglieder des Stiftungsrates sind alle Vorstandsmitglieder des F\u00f6rdervereins.<\/p>\n<p>Vorsitzende des Stiftungsrates ist seit 20.11.2023 Frau Annelie Zeeh. Die Stiftung erhielt die Best\u00e4tigung der Gemeinn\u00fctzigkeit vom Finanzamt Dresden I am 05.08.2021 unter der Steuer \u2013 Nr. 203\/141\/14796.<\/p>\n<p>Aktualisiert am 11. Februar 2024<\/p>\n<h4><strong>Zum Anliegen der Stiftung<\/strong><\/h4>\n<p>Eine kontinuierliche Erh\u00f6hung des Stiftungskapitals ist zwingend notwendig, um j\u00e4hrlich einen Betrag zur Unterst\u00fctzung der weiteren Existenz der Seniorenakademie zu gew\u00e4hrleisten. Viele H\u00f6rerinnen und H\u00f6rer haben bereits durch Einzelspenden dazu beigetragen. Den ausdr\u00fccklichen Wunsch der Spender, auf die Nennung zu verzichten, respektieren wir. Wir verzichten aber nicht darauf, Ihnen \u00f6ffentlich ganz herzlich Dank zu sagen f\u00fcr Ihre Spende, die zur Erh\u00f6hung unseres Stiftungskapitals beigetragen hat.<\/p>\n<p>Diese Bitte richten wir zugleich an zuk\u00fcnftige H\u00f6rer sowie Personen und Unternehmen, die sich der Dresdner Seniorenakademie verbunden f\u00fchlen und als Sponsoren wirksam werden m\u00f6chten. Allen, die uns unterst\u00fctzen, gilt unser Dank.<\/p>\n<p>Erwerben auch Sie einen Stifterbrief der DSA, den Sie in<\/p>\n<p>Bronze f\u00fcr 100,- \u20ac<\/p>\n<p>Silber f\u00fcr 500,- \u20ac<\/p>\n<p>Gold f\u00fcr 1000,- \u20ac<\/p>\n<p>erhalten.<\/p>\n<p><strong>Details zum Stiftungskonto bitte \u00fcber das B\u00fcro der Seniorenakademie<br \/>Telefon 0351 4906470<br \/><\/strong><\/p>\n<p><strong>\u00a0<\/strong><\/p>\n<h4 style=\"text-align: right;\"><a href=\"https:\/\/senak.inf.tu-dresden.de\/wordpress\/?page_id=727\"><span style=\"color: #ff9900;\">zur\u00fcck nach oben<\/span><\/a><\/h4>\n\n\n<p><code>aktualisiert am 21.10.2021<\/code><\/p>\n","protected":false},"excerpt":{"rendered":"<p>Zur Geschichte Der Verein der Freunde und F\u00f6rderer der Dresdner Seniorenakademie Wissenschaft und Kunst e.V. entschied sich im November 2003 f\u00fcr die Gr\u00fcndung einer Stiftung und stellte aus eigenen Mitteln 15.000,00 \u20ac als Anfangsverm\u00f6gen f\u00fcr die Stiftung zur Verf\u00fcgung. Diese Mittel hatte der F\u00f6rderverein im Rahmen eines vom Bundesforschungsministerium gestifteten \u201eDeutschen Seniorenpreis f\u00fcr Multimedia\u201c als [&hellip;]<\/p>\n","protected":false},"author":8,"featured_media":0,"parent":1104,"menu_order":4,"comment_status":"open","ping_status":"open","template":"","meta":[],"_links":{"self":[{"href":"https:\/\/senak.inf.tu-dresden.de\/wordpress\/index.php?rest_route=\/wp\/v2\/pages\/727"}],"collection":[{"href":"https:\/\/senak.inf.tu-dresden.de\/wordpress\/index.php?rest_route=\/wp\/v2\/pages"}],"about":[{"href":"https:\/\/senak.inf.tu-dresden.de\/wordpress\/index.php?rest_route=\/wp\/v2\/types\/page"}],"author":[{"embeddable":true,"href":"https:\/\/senak.inf.tu-dresden.de\/wordpress\/index.php?rest_route=\/wp\/v2\/users\/8"}],"replies":[{"embeddable":true,"href":"https:\/\/senak.inf.tu-dresden.de\/wordpress\/index.php?rest_route=%2Fwp%2Fv2%2Fcomments&post=727"}],"version-history":[{"count":3,"href":"https:\/\/senak.inf.tu-dresden.de\/wordpress\/index.php?rest_route=\/wp\/v2\/pages\/727\/revisions"}],"predecessor-version":[{"id":29557,"href":"https:\/\/senak.inf.tu-dresden.de\/wordpress\/index.php?rest_route=\/wp\/v2\/pages\/727\/revisions\/29557"}],"up":[{"embeddable":true,"href":"https:\/\/senak.inf.tu-dresden.de\/wordpress\/index.php?rest_route=\/wp\/v2\/pages\/1104"}],"wp:attachment":[{"href":"https:\/\/senak.inf.tu-dresden.de\/wordpress\/index.php?rest_route=%2Fwp%2Fv2%2Fmedia&parent=727"}],"curies":[{"name":"wp","href":"https:\/\/api.w.org\/{rel}","templated":true}]}}