{"id":743,"date":"2012-02-28T21:05:48","date_gmt":"2012-02-28T20:05:48","guid":{"rendered":"https:\/\/senak.inf.tu-dresden.de\/wordpress\/?page_id=743"},"modified":"2026-03-13T11:37:39","modified_gmt":"2026-03-13T10:37:39","slug":"partnerschaften","status":"publish","type":"page","link":"https:\/\/senak.inf.tu-dresden.de\/wordpress\/?page_id=743","title":{"rendered":"Partnerschaften"},"content":{"rendered":"<p>Als Partner der DRESDNER SENIORENAKADEMIE WISSENSCHAFT UND KUNST sind bei der Gestaltung des Programmes beteiligt:<\/p>\n<ul>\n<li>Technische Universit\u00e4t Dresden \u00a0\u00a0\u00a0 <a href=\"https:\/\/www.tu-dresden.de\" target=\"_blank\" rel=\"noopener noreferrer\">www.tu-dresden.de<\/a><\/li>\n<li>Deutsches Hygiene-Museum Dresden \u00a0\u00a0\u00a0 <a href=\"http:\/\/www.dhmd.de\" target=\"_blank\" rel=\"noopener noreferrer\">www.dhmd.de<\/a><\/li>\n<li>Medienkulturzentrum Dresden e.V. <a href=\"http:\/\/www.medienkulturzentrum.de\/\">www.medienkulturzentrum.de<\/a><\/li>\n<li>Reiseveranstalter Eberhard TRAVEL GmbH <a href=\"https:\/\/eberhardt-travel.de\" target=\"_blank\" rel=\"noopener noreferrer\">www.eberhardt-travel.de<\/a><\/li>\n<li>Hochschule f\u00fcr Musik\u00a0 Carl Maria von Weber Dresden \u00a0\u00a0\u00a0 <a href=\"https:\/\/www.hfmdd.de\/hochschule\/portrait\/\" target=\"_blank\" rel=\"noopener noreferrer\">www.hfmdd.de<\/a><\/li>\n<li>Staatliche Kunstsammlungen Dresden \u00a0\u00a0\u00a0 <a href=\"http:\/\/www.skd.museum\/\" target=\"_blank\" rel=\"noopener noreferrer\">http:\/\/www.skd.museum\/<\/a><\/li>\n<li>Hochschule f\u00fcr Technik und Wirtschaft Dresden<\/li>\n<li>Hochschule f\u00fcr Bildende K\u00fcnste \u00a0\u00a0\u00a0 <a href=\"http:\/\/www.hfbk-dresden.de\/\" target=\"_blank\" rel=\"noopener noreferrer\">www.hfbk-dresden<\/a><\/li>\n<li>Staatsoper Dresden (Semperoper) \u00a0\u00a0\u00a0 <a href=\"https:\/\/www.semperoper.de\" target=\"_blank\" rel=\"noopener noreferrer\">www.semperoper.de<\/a><\/li>\n<li>Staatsschauspiel Dresden \u00a0\u00a0\u00a0 <a href=\"http:\/\/www.staatsschauspiel-dresden.de\" target=\"_blank\" rel=\"noopener noreferrer\">www.staatsschauspiel-dresden.de<\/a><\/li>\n<li>Landeshauptstadt Dresden, Amt f\u00fcr Kultur und Denkmalschutz \u00a0\u00a0\u00a0 <a href=\"https:\/\/www.dresden.de\/de\/rathaus\/aemter-und-einrichtungen\/oe\/dborg\/stadt_dresden_6894.php\" target=\"_blank\" rel=\"noopener noreferrer\">www.dresden.de\/de\/rathaus\/aemter-und-einrichtungen<\/a><\/li>\n<li>Landesamt f\u00fcr Arch\u00e4ologie \u00a0\u00a0\u00a0 <a href=\"http:\/\/www.lfa.sachsen.de\/index.html\" target=\"_blank\" rel=\"noopener noreferrer\">www.lfa.sachsen.de<\/a><\/li>\n<li>Landesamt f\u00fcr Denkmalpflege Sachsen \u00a0\u00a0\u00a0 <a href=\"http:\/\/www.denkmalpflege.sachsen.de\" target=\"_blank\" rel=\"noopener noreferrer\">www.denkmalpflege.sachsen.de<\/a><\/li>\n<li>Forum f\u00fcr Baukultur e.V. Dresden \u00a0\u00a0\u00a0 <a href=\"http:\/\/www.forum-fuer-baukultur.de\" target=\"_blank\" rel=\"noopener noreferrer\">www.forum-fuer-baukultur.de<\/a><\/li>\n<li>Staatliche Schl\u00f6sser, Burgen und G\u00e4rten Sachsen gGmbH \u00a0\u00a0\u00a0 <a href=\"http:\/\/www.schloesserland-sachsen.de\/de\/startseite\/\" target=\"_blank\" rel=\"noopener noreferrer\">www.schloesserland-sachsen.de\/<\/a><\/li>\n<li>Museen der Stadt Dresden \u00a0\u00a0\u00a0 <a href=\"http:\/\/www.museen-dresden.de\" target=\"_blank\" rel=\"noopener noreferrer\">www.museen-dresden.de<\/a><\/li>\n<li>Staatliches Museum f\u00fcr V\u00f6lkerkunde Dresden \u00a0\u00a0\u00a0 <a href=\"http:\/\/www.skd.museum\/de\/museen-institutionen\/japanisches-palais\/museum-fuer-voelkerkunde-dresden\/index.html\" target=\"_blank\" rel=\"noopener noreferrer\">www.skd.museum\/de\/museen-institutionen\/japanisches-palais\/<\/a><\/li>\n<li>Erich K\u00e4stner Museum \u00a0\u00a0\u00a0 <a href=\"http:\/\/www.erich-kaestner-museum.de\" target=\"_blank\" rel=\"noopener noreferrer\">www.erich-kaestner-museum.de<\/a> \u00a0\u00a0 und weitere Museen in der Stadt Dresden<\/li>\n<li>Biotechnologisches Zentrum der TU Dresden \u00a0\u00a0\u00a0 <a href=\"http:\/\/www.biotec.tu-dresden.de\/\" target=\"_blank\" rel=\"noopener noreferrer\">www.biotec.tu-dresden.de\/<\/a><\/li>\n<li>DFG-Forschungszentrum f\u00fcr Regenerative Therapien \u00a0\u00a0\u00a0 <a href=\"http:\/\/www.crt-dresden.de\" target=\"_blank\" rel=\"noopener noreferrer\">www.crt-dresden.de<\/a><\/li>\n<li>Max-Planck-Institut f\u00fcr Physik komplexer Systeme \u00a0\u00a0\u00a0 <a href=\"http:\/\/www.mpipks-dresden.mpg.de\" target=\"_blank\" rel=\"noopener noreferrer\">www.mpipks-dresden.mpg.de<\/a><\/li>\n<li>Max-Planck-Institut f\u00fcr Molekulare Zellbiologie \u00a0\u00a0\u00a0 <a href=\"http:\/\/www.mpi-cbg.de\/\" target=\"_blank\" rel=\"noopener noreferrer\">www.mpi-cbg.de\/<\/a><\/li>\n<li>Helmholtz-Zentrum Dresden-Rossendorf \u00a0\u00a0\u00a0 <a href=\"http:\/\/www.hzdr.de\/\" target=\"_blank\" rel=\"noopener noreferrer\">www.hzdr.de<\/a><\/li>\n<li>Fraunhofer-Institutszentrum Dresden \u00a0\u00a0\u00a0 <a href=\"https:\/\/www.dresden.fraunhofer.de\/\" target=\"_blank\" rel=\"noopener noreferrer\">www.dresden.fraunhofer.de<\/a><\/li>\n<li>ZOO Dresden \u00a0 \u00a0 <a href=\"https:\/\/www.zoo-dresden.de\/\" target=\"_blank\" rel=\"noopener noreferrer\">www.zoo-dresden.de<\/a><\/li>\n<li>Herzzentrum Dresden Universit\u00e4tsklinikum \u00a0\u00a0\u00a0 <a href=\"https:\/\/www.herzzentrum-dresden.com\/home.html\" target=\"_blank\" rel=\"noopener noreferrer\">www.herzzentrum-dresden.com<\/a><\/li>\n<li>S\u00e4chsische Landesbibliothek &#8211; Staats- und Universit\u00e4tsbibliothek Dresden \u00a0\u00a0\u00a0 <a href=\"http:\/\/www.slub-dresden.de\" target=\"_blank\" rel=\"noopener noreferrer\">www.slub-dresden.de<\/a><\/li>\n<li>Haus der Kirche &#8211; Dreik\u00f6nigskirche \u00a0\u00a0\u00a0 <a href=\"http:\/\/www.hdk-dkk.de\" target=\"_blank\" rel=\"noopener noreferrer\">www.hdk-dkk.de<\/a><\/li>\n<li>Meisterwerke-Meisterinterpreten e.V. \u00a0\u00a0\u00a0 <a href=\"http:\/\/www.meisterwerke-meisterinterpreten.de\/index.php\" target=\"_blank\" rel=\"noopener noreferrer\">www.meisterwerke-meisterinterpreten.de<\/a><\/li>\n<li>Universit\u00e4tsklinikum \u201eCarl Gustav Carus\u201c \u00a0\u00a0\u00a0 <a href=\"https:\/\/www.uniklinikum-dresden.de\/de\" target=\"_blank\" rel=\"noopener noreferrer\">www.uniklinikum-dresden.de<\/a><\/li>\n<li>Krankenhaus Friedrichstadt \u00a0\u00a0\u00a0 <a href=\"https:\/\/www.klinikum-dresden.de\/\" target=\"_blank\" rel=\"noopener noreferrer\">www.klinikum-dresden.de<\/a><\/li>\n<li>Landeszahn\u00e4rztekammer Sachsen \u00a0\u00a0\u00a0 <a href=\"http:\/\/www.zahnaerzte-in-sachsen.de\/start\/\" target=\"_blank\" rel=\"noopener noreferrer\">www.zahnaerzte-in-sachsen.de<\/a><\/li>\n<li>S\u00e4chsische Landesapothekerkammer \u00a0\u00a0\u00a0 <a href=\"http:\/\/www.slak.de\/\" target=\"_blank\" rel=\"noopener noreferrer\">www.slak.de<\/a><\/li>\n<li>Igeltour Dresden \u00a0\u00a0\u00a0 <a href=\"http:\/\/www.igeltour-dresden.de\" target=\"_blank\" rel=\"noopener noreferrer\">www.igeltour-dresden.de<\/a><\/li>\n<li>HATiKVA e.V. Dresden \u00a0\u00a0\u00a0 <a href=\"http:\/\/hatikva.de\/\" target=\"_blank\" rel=\"noopener noreferrer\">hatikva.de<\/a><\/li>\n<li>Volksbank Dresden-Bautzen eG<\/li>\n<li>sowie weitere Vereine und Interessengemeinschaften der Stadt Dresden<\/li>\n<li>K\u00fcnstler, Referenten und Gespr\u00e4chsleiter aus Wissenschaft und Kunst, die ehrenamtlich das Programm mitgestalten sowie ehrenamtliche Helferinnen und Helfer aus dem F\u00f6rderverein und der H\u00f6rerschaft der DSA<\/li>\n<\/ul>\n<hr class=\"endparagraph\" \/>\n<p>Die Dresdner Seniorenakademie Wissenschaft und Kunst wird in diesem Semester unterst\u00fctzt und gef\u00f6rdert durch:<\/p>\n<ul>\n<li style=\"list-style-type: none;\">\n<ul>\n<li>Technische Universit\u00e4t Dresden<\/li>\n<li>Deutsches Hygiene-Museum Dresden<\/li>\n<li>Reiseveranstalter Eberhard TRAVEL GmbH<\/li>\n<li>B\u00fcrgerstiftung Dresden<\/li>\n<\/ul>\n<\/li>\n<\/ul>\n<p>Wir bedanken uns ausdr\u00fccklich bei allen, die uns mit Spenden in finanzieller und materieller Art und auch durch pers\u00f6nliches Engagement unterst\u00fctzen.<\/p>\n<p><em>Der Vorstand des Vereins \u201eFreunde und F\u00f6rderer der Dresdner Seniorenakademie Wissenschaft und Kunst e.V.\u201c<\/em><\/p>\n<h4 style=\"text-align: right;\"><a href=\"https:\/\/senak.inf.tu-dresden.de\/wordpress\/?page_id=743\"><span style=\"color: #ff9900;\">zur\u00fcck nach oben<\/span><\/a><\/h4>\n<p><!--\n \t\n\n<li>Staatsoperette Dresden &nbsp;&nbsp;&nbsp; <a href=\"http:\/\/www.staatsoperette-dresden.de\/\" target=\"_blank\" rel=\"noopener noreferrer\">www.staatsoperette-dresden.de\/<\/a><\/li>\n\n\n \t\n\n<li>Kreuzchor Dresden &nbsp;&nbsp;&nbsp; <a href=\"http:\/\/www.kreuzchor.de\/\" target=\"_blank\" rel=\"noopener noreferrer\">www.kreuzchor.de\/<\/a><\/li>\n\n\n \t\n\n<li>Deutsche Stiftung Denkmalschutz, Ortskuratorium Dresden &nbsp;&nbsp;&nbsp; <a href=\"https:\/\/www.denkmalschutz.de\/ortskuratorien.html\" target=\"_blank\" rel=\"noopener noreferrer\">www.denkmalschutz.de\/ortskuratorien.html<\/a><\/li>\n\n\n \t\n\n<li>Verkehrsmuseum Dresden gGmbH &nbsp;&nbsp;&nbsp; <a href=\"http:\/\/www.verkehrsmuseum-dresden.de\/\" target=\"_blank\" rel=\"noopener noreferrer\">www.verkehrsmuseum-dresden.de\/<\/a> und weitere Museen in Dresden<\/li>\n\n\n \t\n\n<li>Senkenberg Naturhistorische Sammlungen Dresden &nbsp;&nbsp;&nbsp; <a href=\"http:\/\/www.senckenberg.de\" target=\"_blank\" rel=\"noopener noreferrer\">www.senckenberg.de<\/a><\/li>\n\n\n--><\/p>\n","protected":false},"excerpt":{"rendered":"<p>Als Partner der DRESDNER SENIORENAKADEMIE WISSENSCHAFT UND KUNST sind bei der Gestaltung des Programmes beteiligt: Technische Universit\u00e4t Dresden \u00a0\u00a0\u00a0 www.tu-dresden.de Deutsches Hygiene-Museum Dresden \u00a0\u00a0\u00a0 www.dhmd.de Medienkulturzentrum Dresden e.V. www.medienkulturzentrum.de Reiseveranstalter Eberhard TRAVEL GmbH www.eberhardt-travel.de Hochschule f\u00fcr Musik\u00a0 Carl Maria von Weber Dresden \u00a0\u00a0\u00a0 www.hfmdd.de Staatliche Kunstsammlungen Dresden \u00a0\u00a0\u00a0 http:\/\/www.skd.museum\/ Hochschule f\u00fcr Technik und Wirtschaft Dresden [&hellip;]<\/p>\n","protected":false},"author":8,"featured_media":0,"parent":1104,"menu_order":6,"comment_status":"open","ping_status":"open","template":"","meta":[],"_links":{"self":[{"href":"https:\/\/senak.inf.tu-dresden.de\/wordpress\/index.php?rest_route=\/wp\/v2\/pages\/743"}],"collection":[{"href":"https:\/\/senak.inf.tu-dresden.de\/wordpress\/index.php?rest_route=\/wp\/v2\/pages"}],"about":[{"href":"https:\/\/senak.inf.tu-dresden.de\/wordpress\/index.php?rest_route=\/wp\/v2\/types\/page"}],"author":[{"embeddable":true,"href":"https:\/\/senak.inf.tu-dresden.de\/wordpress\/index.php?rest_route=\/wp\/v2\/users\/8"}],"replies":[{"embeddable":true,"href":"https:\/\/senak.inf.tu-dresden.de\/wordpress\/index.php?rest_route=%2Fwp%2Fv2%2Fcomments&post=743"}],"version-history":[{"count":3,"href":"https:\/\/senak.inf.tu-dresden.de\/wordpress\/index.php?rest_route=\/wp\/v2\/pages\/743\/revisions"}],"predecessor-version":[{"id":31393,"href":"https:\/\/senak.inf.tu-dresden.de\/wordpress\/index.php?rest_route=\/wp\/v2\/pages\/743\/revisions\/31393"}],"up":[{"embeddable":true,"href":"https:\/\/senak.inf.tu-dresden.de\/wordpress\/index.php?rest_route=\/wp\/v2\/pages\/1104"}],"wp:attachment":[{"href":"https:\/\/senak.inf.tu-dresden.de\/wordpress\/index.php?rest_route=%2Fwp%2Fv2%2Fmedia&parent=743"}],"curies":[{"name":"wp","href":"https:\/\/api.w.org\/{rel}","templated":true}]}}