{"id":759,"date":"2012-02-28T22:12:20","date_gmt":"2012-02-28T21:12:20","guid":{"rendered":"https:\/\/senak.inf.tu-dresden.de\/wordpress\/?page_id=759"},"modified":"2026-04-14T08:10:27","modified_gmt":"2026-04-14T06:10:27","slug":"ig-malen-und-zeichnen","status":"publish","type":"page","link":"https:\/\/senak.inf.tu-dresden.de\/wordpress\/?page_id=759","title":{"rendered":"Malen und Zeichnen"},"content":{"rendered":"\n<figure class=\"wp-block-table\"><table><thead><tr><td><\/td><td><strong>IG-Leiter<\/strong><\/td><td><strong>Kurs 1<\/strong><br> Joachim Merbitz<\/td><td><strong>Kurs 2<\/strong><br> Wolfram Neumann<\/td><td><strong>Kurs <\/strong>3 <br>Wolfram Neumann<\/td><\/tr><\/thead><tbody><tr><td>\ufeff<\/td><td><strong>IG-Zeiten<\/strong><\/td><td>Donnerstags ab 28.05.2026<br>10:00 -13:30<\/td><td>Donnerstags<br> &nbsp;10:00 -14:00 Uhr<\/td><td>Freitags<br> 10:00 \u2013 14:00 Uhr<\/td><\/tr><tr><td>\ufeff<\/td><td><strong>Ort<\/strong><\/td><td>individuell in Dresden und Umgebung<br>(bis Ende Mai Freitags im Freiraum (Einrichtung von Vonovia), Borsbergstr. 23B<br><\/td><td>Atelier, Stra\u00dfe d.17.Juni 25, Hs 116, 2.Etg., 01257 DD<\/td><td>Atelier, Stra\u00dfe d.17.Juni 25, Hs 116, 2.Etg., 01257 DD<\/td><\/tr><tr><td>\ufeff<\/td><td><strong>Inhalte<\/strong><\/td><td>Malerei vor der Natur in Dresden und Umgebung<\/td><td>Anwendung von \u00dcbungen zu Grundlagen der abstrakten Malerei vor der Natur z. B. nach einem Programm des K\u00fcnstlers Gerhard Fietz<\/td><td>Wintersemester:<br>Unterricht und \u00dcbungen nach Malern der klassischen Moderne und Nachmoderne<br>Sommersemester:<br>Anwendungen der \u00dcbungen in der freien Natur (z. B. in Parkanlagen, am Elbufer etc.) und freies Arbeiten<\/td><\/tr><tr><td><strong>Kontakt<\/strong><\/td><td><strong>IG- Leiter<\/strong><\/td><td>Joachim Merbitz <a href=\"mailto:jo.antlitz@googlemail.com\">jo.antlitz@googlemail.com<\/a><\/td><td>Wolfram Neumann <a href=\"mailto:wn@wolframneumann.com\">wn@wolframneumann.com<\/a> <\/td><td>Wolfram Neumann <a href=\"mailto:wn@wolframneumann.com\">wn@wolframneumann.com<\/a><\/td><\/tr><tr><td><strong>&nbsp;<\/strong><\/td><td><strong>Beauftragte\/r<\/strong><\/td><td>Cornelia Ristau<br><a href=\"mailto:ristau@dsa-senioren.de\">ristau@dsa-senioren.de<\/a><\/td><td>Annemarie Bruhn <br><a href=\"mailto:A.Bruhn@dsa-senioren.de\">A.Bruhn@dsa-senioren.de<\/a><\/td><td>Regina Rentzsch<br><a href=\"mailto:regina56rentzsch@gmail.com\">regina56rentzsch@gmail.com<\/a><\/td><\/tr><tr><td><strong>Voraussetzung<\/strong><\/td><td>\ufeff<\/td><td>Teilnahme an Treffen mit g\u00fcltigem &nbsp;H\u00f6rerausweis<\/td><td>Teilnahme an Treffen mit g\u00fcltigem &nbsp;H\u00f6rerausweis<\/td><td>Teilnahme an Treffen mit g\u00fcltigem &nbsp;H\u00f6rerausweis<\/td><\/tr><tr><td><strong>weitere Informationen<\/strong><\/td><td><strong>Termine<\/strong><\/td><td>3. bis 10. Juli 2026:<br>Malwoche in Obercunnersdorf (Kottmar)<\/td><td><\/td><td><\/td><\/tr><tr><td><\/td><td><strong>zu den Bildern der Malgruppen<\/strong><\/td><td><a href=\"https:\/\/senak.inf.tu-dresden.de\/wordpress\/?page_id=12944\">&#8230; zur Malgruppe Merbitz<\/a><br>&nbsp;<br>&nbsp;<\/td><td>&nbsp;<a href=\"https:\/\/senak.inf.tu-dresden.de\/wordpress\/?page_id=13909\">&#8230; zur Malgruppe Neumann (Donnerstags)<\/a><br><br><\/td><td>&nbsp;<a href=\"https:\/\/senak.inf.tu-dresden.de\/wordpress\/?page_id=14109\">&#8230; zur Malgruppe Neumann (Freitags)<\/a><br><br><\/td><\/tr><\/tbody><\/table><\/figure>\n\n\n\n<p><\/p>\n\n\n\n<p>Aktualisiert: <br>Cornelia Ristau, 13.04.2026 (f\u00fcr Kurs 1)<br>Annemarie Bruhn, 01.04.2026 (f\u00fcr Kurs 2)<br>Regina Rentzsch, 30.10.2024 (f\u00fcr Kurs 3)<\/p>\n\n\n\n<p><\/p>\n","protected":false},"excerpt":{"rendered":"<p>IG-Leiter Kurs 1 Joachim Merbitz Kurs 2 Wolfram Neumann Kurs 3 Wolfram Neumann \ufeff IG-Zeiten Donnerstags ab 28.05.202610:00 -13:30 Donnerstags &nbsp;10:00 -14:00 Uhr Freitags 10:00 \u2013 14:00 Uhr \ufeff Ort individuell in Dresden und Umgebung(bis Ende Mai Freitags im Freiraum (Einrichtung von Vonovia), Borsbergstr. 23B Atelier, Stra\u00dfe d.17.Juni 25, Hs 116, 2.Etg., 01257 DD Atelier, [&hellip;]<\/p>\n","protected":false},"author":8,"featured_media":0,"parent":34,"menu_order":20,"comment_status":"open","ping_status":"open","template":"","meta":[],"_links":{"self":[{"href":"https:\/\/senak.inf.tu-dresden.de\/wordpress\/index.php?rest_route=\/wp\/v2\/pages\/759"}],"collection":[{"href":"https:\/\/senak.inf.tu-dresden.de\/wordpress\/index.php?rest_route=\/wp\/v2\/pages"}],"about":[{"href":"https:\/\/senak.inf.tu-dresden.de\/wordpress\/index.php?rest_route=\/wp\/v2\/types\/page"}],"author":[{"embeddable":true,"href":"https:\/\/senak.inf.tu-dresden.de\/wordpress\/index.php?rest_route=\/wp\/v2\/users\/8"}],"replies":[{"embeddable":true,"href":"https:\/\/senak.inf.tu-dresden.de\/wordpress\/index.php?rest_route=%2Fwp%2Fv2%2Fcomments&post=759"}],"version-history":[{"count":3,"href":"https:\/\/senak.inf.tu-dresden.de\/wordpress\/index.php?rest_route=\/wp\/v2\/pages\/759\/revisions"}],"predecessor-version":[{"id":31482,"href":"https:\/\/senak.inf.tu-dresden.de\/wordpress\/index.php?rest_route=\/wp\/v2\/pages\/759\/revisions\/31482"}],"up":[{"embeddable":true,"href":"https:\/\/senak.inf.tu-dresden.de\/wordpress\/index.php?rest_route=\/wp\/v2\/pages\/34"}],"wp:attachment":[{"href":"https:\/\/senak.inf.tu-dresden.de\/wordpress\/index.php?rest_route=%2Fwp%2Fv2%2Fmedia&parent=759"}],"curies":[{"name":"wp","href":"https:\/\/api.w.org\/{rel}","templated":true}]}}