{"id":9,"date":"2012-01-30T12:55:27","date_gmt":"2012-01-30T12:55:27","guid":{"rendered":"https:\/\/senak.inf.tu-dresden.de\/wordpress\/?page_id=9"},"modified":"2023-05-06T13:16:53","modified_gmt":"2023-05-06T11:16:53","slug":"projekte","status":"publish","type":"page","link":"https:\/\/senak.inf.tu-dresden.de\/wordpress\/?page_id=9","title":{"rendered":"Projekte"},"content":{"rendered":"<p style=\"text-align: left;\">Neben den Hauptaufgaben des F\u00f6rdervereins, der Vorbereitung, Organisation und Realisierung des Programmangebotes f\u00fcr \u00e4ltere B\u00fcrger der Stadt Dresden und ihrem Umland beteiligen sich Mitglieder des Vereins und auch H\u00f6rerinnen und H\u00f6rer an Projekten.<\/p>\n<h4 style=\"text-align: right;\"><a href=\"https:\/\/senak.inf.tu-dresden.de\/wordpress\/?page_id=9\"><span style=\"color: #ff9900;\">zur\u00fcck nach oben<\/span><\/a><\/h4>\n","protected":false},"excerpt":{"rendered":"<p>Neben den Hauptaufgaben des F\u00f6rdervereins, der Vorbereitung, Organisation und Realisierung des Programmangebotes f\u00fcr \u00e4ltere B\u00fcrger der Stadt Dresden und ihrem Umland beteiligen sich Mitglieder des Vereins und auch H\u00f6rerinnen und H\u00f6rer an Projekten. zur\u00fcck nach oben<\/p>\n","protected":false},"author":8,"featured_media":0,"parent":0,"menu_order":0,"comment_status":"open","ping_status":"open","template":"","meta":[],"_links":{"self":[{"href":"https:\/\/senak.inf.tu-dresden.de\/wordpress\/index.php?rest_route=\/wp\/v2\/pages\/9"}],"collection":[{"href":"https:\/\/senak.inf.tu-dresden.de\/wordpress\/index.php?rest_route=\/wp\/v2\/pages"}],"about":[{"href":"https:\/\/senak.inf.tu-dresden.de\/wordpress\/index.php?rest_route=\/wp\/v2\/types\/page"}],"author":[{"embeddable":true,"href":"https:\/\/senak.inf.tu-dresden.de\/wordpress\/index.php?rest_route=\/wp\/v2\/users\/8"}],"replies":[{"embeddable":true,"href":"https:\/\/senak.inf.tu-dresden.de\/wordpress\/index.php?rest_route=%2Fwp%2Fv2%2Fcomments&post=9"}],"version-history":[{"count":3,"href":"https:\/\/senak.inf.tu-dresden.de\/wordpress\/index.php?rest_route=\/wp\/v2\/pages\/9\/revisions"}],"predecessor-version":[{"id":28883,"href":"https:\/\/senak.inf.tu-dresden.de\/wordpress\/index.php?rest_route=\/wp\/v2\/pages\/9\/revisions\/28883"}],"wp:attachment":[{"href":"https:\/\/senak.inf.tu-dresden.de\/wordpress\/index.php?rest_route=%2Fwp%2Fv2%2Fmedia&parent=9"}],"curies":[{"name":"wp","href":"https:\/\/api.w.org\/{rel}","templated":true}]}}