{"id":963,"date":"2012-02-29T20:15:53","date_gmt":"2012-02-29T19:15:53","guid":{"rendered":"https:\/\/senak.inf.tu-dresden.de\/wordpress\/?page_id=963"},"modified":"2019-12-13T08:53:15","modified_gmt":"2019-12-13T07:53:15","slug":"ehrenamtsarbeit","status":"publish","type":"page","link":"https:\/\/senak.inf.tu-dresden.de\/wordpress\/?page_id=963","title":{"rendered":"Ehrenamtsarbeit"},"content":{"rendered":"<h4 style=\"text-align: right;\"><a href=\"https:\/\/senak.inf.tu-dresden.de\/wordpress\/?page_id=4000\"><span style=\"color: #ff9900;\">zur\u00fcck zur Vorseite<\/span><\/a><\/h4>\n<h2>Engagements \/ Arbeitsgruppen<\/h2>\n<p>Seit 1994 bietet die Dresdner Seniorenakademie Wissenschaft und Kunst (DSA) im Rahmen der Semesterprogramme ein Gemeinschaftsangebot an, das mit Veranstaltungen unterschiedlicher Bildungseinrichtungen, Museen und Kultureinrichtungen der Stadt Dresden sowie eigenen Veranstaltungen des F\u00f6rdervereins gestaltet wird.<\/p>\n<p>Im Stil einer Bildungseinrichtung wird die DSA in einem Gesamtprojekt haupts\u00e4chlich ehrenamtlich geleitet, organisiert und realisiert \u00fcber den Verein \u201eFreunde und F\u00f6rderer der Dresdner Seniorenakademie\u201c und dessen B\u00fcro. Daf\u00fcr ist ein st\u00e4ndiges und umfangreiches Engagement vieler Vereinsmitglieder erforderlich. Es bedeutet Kommunikation, sch\u00f6pferisch t\u00e4tig sein und Weiterlernen und -bilden f\u00fcr jeden, der auch im \u201edritten Lebensabschnitt\u201c aktiv bleiben will.<\/p>\n<p>Der Verein der Freunde und F\u00f6rderer der Dresdner Seniorenakademie Wissenschaft und Kunst bietet viele M\u00f6glichkeiten des ehrenamtlichen Engagements, insbesondere zu den Aufgabengebieten der<\/p>\n<ul>\n<li><strong>Einschreibung der H\u00f6rer<\/strong><\/li>\n<\/ul>\n<p>wird semesterweise durchgef\u00fchrt mit Anmeldung, Veranstaltungsbestellung, Buchen der H\u00f6rergeb\u00fchr, Ausgabe der H\u00f6rerausweise etc. mit sicherer organisatorischer Verwaltung<\/p>\n<ul>\n<li><strong>Erarbeitung des Programms<\/strong><\/li>\n<\/ul>\n<p>erfolgt semesterbezogen, gef\u00fchrt durch den Arbeitskreis Programm und das B\u00fcro der DSA in Zusammenarbeit mit allen Partnern der Seniorenakademie von der Vorbereitung \/ Konzipierung der Inhalte \u00fcber Veranstaltungs- und Raumplanung bis zur Erstellung und Druckvorbereitung der Programmbrosch\u00fcren<\/p>\n<ul>\n<li><strong>Veranstaltungsbetreuung<\/strong><\/li>\n<\/ul>\n<p>f\u00fcr die Bildungsveranstaltungen im Semesterbetrieb der DSA als auch f\u00fcr die vereinsinternen Veranstaltungen<\/p>\n<ul>\n<li><strong>\u00d6ffentlichkeitsarbeit<\/strong><\/li>\n<\/ul>\n<p>Informationen zu Semesterprogrammen und -inhalten sind zeitgenau an die Print-, H\u00f6rfunk- und TV-Medien zu geben, Anfragen zu bedienen und werbetechnische Arbeiten (Vorbereitung und Durchf\u00fchrung von Messeauftritten,\u00a0Druckerzeugnisse etc.) auszuf\u00fchren<\/p>\n<ul>\n<li><strong>Buchhalterische Arbeiten<\/strong><\/li>\n<\/ul>\n<p>zur Finanzierung und Abrechnung der Vereinst\u00e4tigkeiten<\/p>\n<ul>\n<li><strong>Vereinsorganisation<\/strong><\/li>\n<\/ul>\n<p>Gestaltung \/ Erstellung von Mitgliederinformationen, Veranstaltungsvorbereitungen sowie diverse Organisationsarbeiten zur Vereinsarbeit<\/p>\n<ul>\n<li><strong>Redaktion der Website<\/strong><\/li>\n<\/ul>\n<p>Redaktionelle und technische Arbeiten zur Sicherung der Aktualit\u00e4t des Internetportals der DSA<\/p>\n<h4 style=\"text-align: right;\"><a href=\"https:\/\/senak.inf.tu-dresden.de\/wordpress\/?page_id=963\"><span style=\"color: #ff9900;\">zur\u00fcck nach oben<\/span><\/a><\/h4>\n","protected":false},"excerpt":{"rendered":"<p>zur\u00fcck zur Vorseite Engagements \/ Arbeitsgruppen Seit 1994 bietet die Dresdner Seniorenakademie Wissenschaft und Kunst (DSA) im Rahmen der Semesterprogramme ein Gemeinschaftsangebot an, das mit Veranstaltungen unterschiedlicher Bildungseinrichtungen, Museen und Kultureinrichtungen der Stadt Dresden sowie eigenen Veranstaltungen des F\u00f6rdervereins gestaltet wird. Im Stil einer Bildungseinrichtung wird die DSA in einem Gesamtprojekt haupts\u00e4chlich ehrenamtlich geleitet, organisiert [&hellip;]<\/p>\n","protected":false},"author":8,"featured_media":0,"parent":0,"menu_order":0,"comment_status":"open","ping_status":"open","template":"","meta":[],"_links":{"self":[{"href":"https:\/\/senak.inf.tu-dresden.de\/wordpress\/index.php?rest_route=\/wp\/v2\/pages\/963"}],"collection":[{"href":"https:\/\/senak.inf.tu-dresden.de\/wordpress\/index.php?rest_route=\/wp\/v2\/pages"}],"about":[{"href":"https:\/\/senak.inf.tu-dresden.de\/wordpress\/index.php?rest_route=\/wp\/v2\/types\/page"}],"author":[{"embeddable":true,"href":"https:\/\/senak.inf.tu-dresden.de\/wordpress\/index.php?rest_route=\/wp\/v2\/users\/8"}],"replies":[{"embeddable":true,"href":"https:\/\/senak.inf.tu-dresden.de\/wordpress\/index.php?rest_route=%2Fwp%2Fv2%2Fcomments&post=963"}],"version-history":[{"count":1,"href":"https:\/\/senak.inf.tu-dresden.de\/wordpress\/index.php?rest_route=\/wp\/v2\/pages\/963\/revisions"}],"predecessor-version":[{"id":24903,"href":"https:\/\/senak.inf.tu-dresden.de\/wordpress\/index.php?rest_route=\/wp\/v2\/pages\/963\/revisions\/24903"}],"wp:attachment":[{"href":"https:\/\/senak.inf.tu-dresden.de\/wordpress\/index.php?rest_route=%2Fwp%2Fv2%2Fmedia&parent=963"}],"curies":[{"name":"wp","href":"https:\/\/api.w.org\/{rel}","templated":true}]}}